{"id":12475,"date":"2020-06-02T17:21:12","date_gmt":"2020-06-02T16:21:12","guid":{"rendered":"http:\/\/biuletyn.synchrotron.org.pl\/?page_id=12475"},"modified":"2020-06-18T17:22:46","modified_gmt":"2020-06-18T16:22:46","slug":"volume-5-number-1-2-september-2006","status":"publish","type":"page","link":"https:\/\/biuletyn.synchrotron.org.pl\/?page_id=12475","title":{"rendered":"Volume 5, Number 1-2, September 2006"},"content":{"rendered":"\t\t<div data-elementor-type=\"wp-page\" data-elementor-id=\"12475\" class=\"elementor elementor-12475\" data-elementor-settings=\"[]\">\n\t\t\t<div class=\"elementor-inner\">\n\t\t\t\t<div class=\"elementor-section-wrap\">\n\t\t\t\t\t\t\t<section class=\"elementor-element elementor-element-e64f1f0 elementor-section-boxed elementor-section-height-default elementor-section-height-default elementor-section elementor-top-section\" data-id=\"e64f1f0\" data-element_type=\"section\">\n\t\t\t\t\t\t<div class=\"elementor-container elementor-column-gap-default\">\n\t\t\t\t<div class=\"elementor-row\">\n\t\t\t\t<div class=\"elementor-element elementor-element-036e6d3 elementor-column elementor-col-100 elementor-top-column\" data-id=\"036e6d3\" data-element_type=\"column\">\n\t\t\t<div class=\"elementor-column-wrap  elementor-element-populated\">\n\t\t\t\t\t<div class=\"elementor-widget-wrap\">\n\t\t\t\t<div class=\"elementor-element elementor-element-f2000a2 elementor-widget elementor-widget-text-editor\" data-id=\"f2000a2\" data-element_type=\"widget\" data-widget_type=\"text-editor.default\">\n\t\t\t\t<div class=\"elementor-widget-container\">\n\t\t\t\t\t<div class=\"elementor-text-editor elementor-clearfix\"><table cellspacing=\"30\" cellpadding=\"3\" align=\"center\"><tbody><tr><td colspan=\"4\">vol. 5 (1-2)<\/td><\/tr><tr><td width=\"30%\">\u00a0<\/td><td width=\"50%\">CONTENTS<\/td><td width=\"10%\">\u00a0<\/td><td width=\"10%\">I-VI<\/td><\/tr><tr><td>\u00a0<\/td><td>ISSRNS<\/td><td>\u00a0<\/td><td>1-2<\/td><\/tr><tr><td>Krystyna Lawniczak-Jablonska<\/td><td>We Are Fifteeners!!! 15 Years of Polish Synchrotron Radiation Society<\/td><td>\u00a0<\/td><td>3-4<\/td><\/tr><tr><td>\u00a0<\/td><td>PROGRAM<\/td><td>\u00a0<\/td><td>5-9<\/td><\/tr><tr><td colspan=\"4\">ISSRNS-8: Abstracts of invited lectures and oral presentations<\/td><\/tr><tr><td>J.-M. Tonnerre, S. Grenier, G. Carbone, N.\u00a0Jaouen, E. Bontempi, U. Staub<\/td><td>Polarized X-ray Resonant Magnetic Reflectivity<\/td><td>I-01<\/td><td>10<\/td><\/tr><tr><td>V. Hol\u00fd, Z. Matej, O. Pacherov\u00e1, V. Nov\u00e1k, M.\u00a0Cukr<\/td><td>X-Ray Diffraction and Standing-Wave Characterization of Ferromagnetic GaMnAs Epitaxial Layers<\/td><td>O-01<\/td><td>11<\/td><\/tr><tr><td>J. Korecki<\/td><td>Nanostructures Studied with Nuclear Resonant Scattering of SR<\/td><td>I-02<\/td><td>12<\/td><\/tr><tr><td>P. Lecante, C. Amiens, O. Margeat, D.\u00a0Ciuculescu, R.E. Benfield, B. Chaudret<\/td><td>Structural Study of Ultrafine Bimetallic Magnetic Nanoparticles<\/td><td>O-02<\/td><td>13<\/td><\/tr><tr><td>T. Schmitt, V.N. Strocov, T. Schmidt, Q.\u00a0Chen, U.\u00a0lechsig, J. Raabe, A. Imhof, B.\u00a0Jakob, C.\u00a0Vollenweider, V. Sch\u00f6nherr, R.\u00a0Betemps, J.\u00a0Krempasky, X. Wang, M.\u00a0Grioni, C. Dallera, G.\u00a0Ghiringhelli, L.\u00a0Braicovich, L. Patthey<\/td><td>The ADRESS Project at the Swiss Light Source: A Beamline for RIXS and ARPES Studies on Correlated and Nano-Structured Materials<\/td><td>O-03<\/td><td>14<\/td><\/tr><tr><td>L. Hawe\u0142ek, J. Ko\u0142oczek, A. Br\u00f3dka, J.C.\u00a0Dore, V.\u00a0Honkim\u00e4ki, A. Burian<\/td><td>Structural Studies of Disordered Carbons by High-EnergyX-ray Diffraction<\/td><td>O-04<\/td><td>15<\/td><\/tr><tr><td>J.J. Rocca, Y. Wang, S. Heinbuch, M.A.\u00a0Larotonda, B.M. Luther, D. Alessi, M.\u00a0Berrill, M.C. Marconi, V.N.\u00a0Shlyaptsev, G.\u00a0Vaschenko, C.\u00a0Brewer, F. Brizuela, C.S.\u00a0Menoni<\/td><td>Compact Soft X-ray Lasers: a Doorway to Coherent Soft X-ray Science on a Table-Top<\/td><td>I-03<\/td><td>16<\/td><\/tr><tr><td>H. Yamada<\/td><td>Expected and Observed Properties of the MIRRORCLE-Type Tabletop Synchrotron Light Sources<\/td><td>I-04<\/td><td>17<\/td><\/tr><tr><td>J.B. Pe\u0142ka, A. Andrejczuk, L. Juha, M. Jurek, D.\u00a0Klinger, J. Krzywi\u0144ski, R. Sobierajski, K.\u00a0Sokolowski-Tinten<\/td><td>Structure Modifications of Materials Irradiated by Ultra-Short Pulses of IVth Generation XUV Sources. A Research Perspective<\/td><td>O-05<\/td><td>18<\/td><\/tr><tr><td>H. Fiedorowicz, A. Bartnik, R. Jarocki, J.\u00a0Kostecki, R. Rakowski, M. Szczurek<\/td><td>Microstructuring Organic Polymers using Synchrotron and Laser Plasma X-ray Sources<\/td><td>O-6<\/td><td>19<\/td><\/tr><tr><td>F. Clerc, C. Battaglia, L. Despont, C.\u00a0Monney, H.\u00a0Cercellier, M.G. Garnier, P. Aebi<\/td><td>Angle Resolved Photoemission Spectroscopy Using Synchrotron Radiation<\/td><td>I-05<\/td><td>20<\/td><\/tr><tr><td>E.G. Michel<\/td><td>Probing Surface Phase Transitions with Angle-Resolved Photoemission and Surface X-ray Diffraction<\/td><td>I-06<\/td><td>21<\/td><\/tr><tr><td>C. Janowitz, L. Dudy, B. M\u00fcller, B. Ziegler, A.\u00a0Krapf, H. Dwelk, R.-P. Blum, R. Manzke<\/td><td>Charge Density Modulation in Pb-Bi2201 at Optimum Pb Doping<\/td><td>O-07<\/td><td>22<\/td><\/tr><tr><td>P. Piszora<\/td><td>X-ray Powder Diffraction and Temperature Programmed Reduction Studies of Lithium-excess and Lithium-deficient Lithium-manganese Oxides with Spinel Structure<\/td><td>O-08<\/td><td>23<\/td><\/tr><tr><td>P. Korecki, M. Tolkiehn, D.V. Novikov, G.\u00a0Materlik, M. Szymo\u0144ski<\/td><td>X-Ray Tomographic Imaging of Atoms &#8211; Crystal Views From Inside<\/td><td>O-09<\/td><td>24<\/td><\/tr><tr><td>M. Taniguchi<\/td><td>Investigation of Electronic and Spin States in Solids by Means of High Energy- and Momentum-Resolution ARPES, Spin-Resolved PES and XMCD<\/td><td>I-07<\/td><td>25<\/td><\/tr><tr><td>J. Szade, W. Burian, M. Zangrando, F\u00a0Bondino, E.\u00a0Magnano, Z. Celi\u0144ski, T.\u00a0O&#8217;Keevan<\/td><td>Resonance Induced Divalent Eu States in EuF<sub>3<\/sub>\u00a0Ultrathin Layers<\/td><td>I-08<\/td><td>26<\/td><\/tr><tr><td>P. Mikul\u00edk, D. L\u00fcbbert, L. Helfen, P. Pernot, S.\u00a0Keller, T. Baumbach<\/td><td>Spatial Micrometer-Resolved Structure Quality Control of Semiconductor Wafers and Lateral Overgrowth Structures by Synchrotron Radiation Rocking Curve Imaging<\/td><td>O-10<\/td><td>27<\/td><\/tr><tr><td>T. Schmitt, A. Hall\u00e9n, M. Linnarsson, S.H.\u00a0Yun, U.O. Karlsson<\/td><td>Studies of the Electronic Structure of Boron in Boron Implanted Silicon Carbide by Soft X-ray Absorption and Emission Spectroscopy<\/td><td>O-11<\/td><td>28<\/td><\/tr><tr><td>G. Gr\u00f6bel<\/td><td>Scientific Opportunities at the European XFEL<\/td><td>I-09<\/td><td>29<\/td><\/tr><tr><td>N. Martensson<\/td><td>MAX IV &#8211; A Proposal for an Ultra-Brilliant Synchrotron Radiation Facility in the Nordic\/Baltic Region<\/td><td>I-10<\/td><td>30<\/td><\/tr><tr><td>M.G. Anderson, T. Haraszti, G.E. Petersen, S.\u00a0Wirick, C. Jacobsen, S.W.M. John, M.\u00a0Grunze<\/td><td>Scanning Transmission X-ray Microscopic Analysis of Purified Melanosomes of the Mouse Iris<\/td><td>I-11<\/td><td>31<\/td><\/tr><tr><td>G. Tato\u0144, M. Karwala-Szytu\u0142a, T.Rok, E.\u00a0Rokita, Z.\u00a0Tabor, A. Wr\u00f3bel, F.\u00a0Beckmann, T. Donath, J.\u00a0Fischer<\/td><td>The Influence of ELFMF on the Trabecular Bone Structure<\/td><td>O-12<\/td><td>32<\/td><\/tr><tr><td>G. Brandt, J. Eden, R. Fliegauf, A. Gottwald, A. Hoehl, R. Klein, R. M\u00fcller, M. Richter, F.\u00a0Scholze, R. Thornagel, G. Ulm, K.\u00a0B\u00fcrkmann-Gehrlein, J.\u00a0Rahn<\/td><td>The Metrology Light Source &#8211; the New Dedicated Electron Storage Ring of PTB<\/td><td>I-12<\/td><td>33<\/td><\/tr><tr><td>J. H\u00e4rtwig, P. Van Vaerenbergh, I. Gierz, J.\u00a0Hoszowska, A. Rommeveaux, A.\u00a0Chumakov, G.\u00a0Carbone, S.H. Connell, M.\u00a0Rebak, R.\u00a0Setshedi, D. Dube, L.\u00a0Mkhonza, R. Burns, J.O.\u00a0Hansen<\/td><td>Diamonds for X-ray Optical Applications at 3<sup>rd<\/sup>\u00a0and 4<sup>th<\/sup>\u00a0Generation X-ray Sources<\/td><td>I-13<\/td><td>34<\/td><\/tr><tr><td>Chao-hung Du<\/td><td>X-ray Scattering Study of the Dynamic Phase Transition of Charge Density Waves in K<sub>0.3<\/sub>MoO<sub>3<\/sub><\/td><td>I-14<\/td><td>35<\/td><\/tr><tr><td>J. Nov\u00e1k, B. Krause, V. Hol\u00fd, G. Bauer, S.\u00a0Kiravittaya, O.G. Schmidt, T.H. Metzger<\/td><td>X-ray Study on Multilayers of InAs Quantum Dots Grown on Patterned and Unpatterned GaAs Substrate<\/td><td>O-13<\/td><td>36<\/td><\/tr><tr><td>F. de Groot<\/td><td>High-Resolution X-ray Absorption and X-ray Emission: Theory and Experiment<\/td><td>I-15<\/td><td>37<\/td><\/tr><tr><td>S. M.Filipek, V. Paul-Boncour, L.Y. Jang, H.\u00a0Chen, R.S. Liu, R. Wierzbicki, H.D. Yang<\/td><td>Synthesis of RMn<sub>2<\/sub>D<sub>6<\/sub>\u00a0Novel Hydrides and Their Studies by Synchrotron Radiation<\/td><td>O-14<\/td><td>38<\/td><\/tr><tr><td>K. Lawniczak-Jab\u0142o\u0144ska<\/td><td>X-ray Absorption Studies of Mn in Materials Promising for Spintronics<\/td><td>I-16<\/td><td>39<\/td><\/tr><tr><td>J.J. Rehr<\/td><td>Theory and Interpretation of X-ray Spectra &#8211; from EXAFS to NRIXS<\/td><td>I-17<\/td><td>40<\/td><\/tr><tr><td>D. Idziak, A. Pasewicz,J. Ko\u0142oczek, R.\u00a0Wrzalik, P.\u00a0Ku\u015b,A. Ratuszna, T. Fennell, V.\u00a0Honkim\u00e4ki, A.\u00a0Burian<\/td><td>Molecular Structure of 5,10,15,20 &#8211; tetra(1-naphthyl)porphyrin and 5,10-di(4-hexadecyloxyphenyl) &#8211; 15,20-di(4-pyridyl)porphyrin Studied by High-Energy X-ray Diffraction<\/td><td>O-15<\/td><td>41<\/td><\/tr><tr><td>C.J. Powell, A. Jab\u0142o\u0144ski, W.S.M. Werner, W.\u00a0Smekal<\/td><td>NIST Databases with Parameters Describing Electron Transport in Solids<\/td><td>O-16<\/td><td>42<\/td><\/tr><tr><td>A. Wolska, K. Lawniczak-Jab\u0142o\u0144ska, S. Kret, M.\u00a0Klepka, M.S. Walczak, A. Misiuk<\/td><td>Local Structure of Mn Atoms in Si Implanted with Mn<sup>+<\/sup><\/td><td>O-17<\/td><td>43<\/td><\/tr><tr><td>M.S. Walczak, K. Lawniczak-Jablo\u0144ska, A.\u00a0Sienkiewicz, M. Czuba, M. Klepka, L.\u00a0Su\u00e1rez, A. Kosar, M.J. Bellemare, D.S.\u00a0Bohle<\/td><td>EXAFS Investigation of the Local Iron Neighborhood in Synthetic Substitutes of Malarial Pigments<\/td><td>O-18<\/td><td>44<\/td><\/tr><tr><td>J.B. Pe\u0142ka, W. Paszkowicz, M. Brust, P.\u00a0Gier\u0142owski<\/td><td>Structural and Electrical Characterization of Self-Assembled Films of Gold Nanoparticles Linked by Dithiol Molecules<\/td><td>O-19<\/td><td>45<\/td><\/tr><tr><td colspan=\"4\">ISSRNS-8: Abstracts of poster presentations<\/td><\/tr><tr><td>R. Bacewicz, A. Pietnoczka, W. Zalewski, S.\u00a0Schorr, W. Gehlhoff<\/td><td>Local Structure in Mn Doped Chalcopyrite Semiconductors<\/td><td>P-01<\/td><td>46<\/td><\/tr><tr><td>J. B\u0105k-Misiuk, E. Dynowska, A. Misiuk, P.\u00a0Romanowski, J. Trela<\/td><td>Defect Structure of Annealed Si:Mn<\/td><td>P-02<\/td><td>47<\/td><\/tr><tr><td>A. Bana\u015b, K. Bana\u015b , G. Falkenberg, W.M.\u00a0Kwiatek<\/td><td>Study of Signal to Noise Ratio in X-Ray Absorption Spectroscopy on Prostate Tissues<\/td><td>P-03<\/td><td>48<\/td><\/tr><tr><td>K. Bana\u015b, A. Jasi\u0144ski, A. Bana\u015b, G.\u00a0Falkenberg, B.\u00a0Pawlicki, W.M. Kwiatek<\/td><td>Application of Discriminant Analysis in Prostate Cancer Research<\/td><td>P-04<\/td><td>49<\/td><\/tr><tr><td>M. Borowiec, Cz. Kapusta, M. Sikora, D.\u00a0Zaj\u0105c, D.\u00a0Rybicki, P. Fischer, G.\u00a0Sch\u00fctz<\/td><td>XANES and X-MCD Study of RE<sub>2<\/sub>TM<sub>17<\/sub>A<sub>x<\/sub>\u00a0(RE=Nd,Sm; TM=Co,Fe; A=H,N) Compounds<\/td><td>P-05<\/td><td>50<\/td><\/tr><tr><td>M. Brancewicz, A. Andrejczuk, L. Dobrzy\u0144ski, H.\u00a0Reniewicz,E. \u017bukowski<\/td><td>A Need for High Resolution Compton Scattering Study of hcp Metals with the Use of Synchrotron Radiation<\/td><td>P-06<\/td><td>51<\/td><\/tr><tr><td>A.D. Crisan, R. Nicula, O. Crisan, E.\u00a0Burkel<\/td><td>Pressure-Assisted Thermal Phase Evolution in Fe-Pt-Nb-B Alloys Studied with in-situ X-ray Diffraction of Synchrotron Radiation<\/td><td>P-07<\/td><td>52<\/td><\/tr><tr><td>A.D. Crisan, O. Crisan, N.\u00a0Randrianantoandro, M.\u00a0Valeanu, M.\u00a0Morariu, E. Burkel<\/td><td>Thermal Analysis of Crystallization Processes in Fe-Pt-Nb-B Melt Spun Ribbons<\/td><td>P-08<\/td><td>53<\/td><\/tr><tr><td>M. Czapla, M. Borowiec, M. Sikora, V.\u00a0Prochazka, D. Zaj\u0105c, D. Rybicki, Cz.\u00a0Kapusta, C. Marquina, M.R. Ibarra<\/td><td>An NMR, EXAFS and XRD Study of Carbon Encapsulated Co Nanoparticles<\/td><td>P-09<\/td><td>54<\/td><\/tr><tr><td>J. Darul, E. Wolska, W. Nowicki, P. Piszora<\/td><td>Characterization of Structural Properties of LiM<sub>x<\/sub>Fe<sub>5-x<\/sub>O<sub>8<\/sub>\u00a0(M=Al, Cr, Mn) Spinel Solid Solutions<\/td><td>P-10<\/td><td>55<\/td><\/tr><tr><td>I.N. Demchenko, K. Lawniczak-Jablo\u0144ska, S.\u00a0Kret, M. \u017bak, A. Novikov<\/td><td>XAFS and HRTEM Analysis Applied for Determination of Optical Properties of Ge-Si Islands Buried in Silicon Matrix<\/td><td>P-11<\/td><td>56<\/td><\/tr><tr><td>I.N. Demchenko, K. Lawniczak-Jablo\u0144ska, J.\u00a0Sadowski, M. Klepka, A. Wolska<\/td><td>Examination of the Local Structure of Mn Doped Magnetic Semiconductors by X-Ray Absorption<\/td><td>P-12<\/td><td>57<\/td><\/tr><tr><td>M. Kozak, L. Domka<\/td><td>The Effect of Selected Surfactants on the Structure of a Bicellar System (DMPC\/DHPC) Studied by SAXS<\/td><td>P-13<\/td><td>58<\/td><\/tr><tr><td>E. Dynowska, W. Szuszkiewicz, J.B. Pelka, T.\u00a0Wojciechowski, E. Janik, G. Karczewski, O.H.\u00a0Seeck<\/td><td>The Evidence of Wurtzite Structure in MBE-Grown Polycrystalline Thin Cd<sub>1-x<\/sub>Zn<sub>x<\/sub>Te Layer<\/td><td>P-14<\/td><td>59<\/td><\/tr><tr><td>E. Dynowska, W. Szuszkiewicz, A.\u00a0Szczepa\u0144ska, P. Romanowski, Ch.\u00a0Lathe<\/td><td>High-Pressure Phase Transitions in (CdMn)Te and Cd(TeSe) Ternary Compounds<\/td><td>P-15<\/td><td>60<\/td><\/tr><tr><td>S. Garg, N. Aggarwal<\/td><td>Fabrication and Improving Green Light Emitting Phosphoroscent Organic Electroluminiscent Devices<\/td><td>P-16<\/td><td>61<\/td><\/tr><tr><td>J. Goraus, A. \u015alebarski<\/td><td>Calculated XAS and VB-XPS Spectra of Fe<sub>(2+x)<\/sub>V<sub>(1-x)<\/sub>Al Heusler Alloys, Electrical Resistivity of Fe<sub>2<\/sub>VAl<\/td><td>P-17<\/td><td>62<\/td><\/tr><tr><td>C. Janowitz, T. Zandt, R. Manzke<\/td><td>Humboldt-University Research and Training Beamline at BESSY II<\/td><td>P-18<\/td><td>63<\/td><\/tr><tr><td>P. Klang, V. Hol\u00fd<\/td><td>X-ray Diffuse Scattering from Stacking Faults in Czochralski Silicon<\/td><td>P-19<\/td><td>64<\/td><\/tr><tr><td>M. Klepka, K. Lawniczak-Jablo\u0144ska, I.N.\u00a0Demchenko, N. Nedelko, A. Slawska-Waniewska, M. Walczak, C.A. Rodrigues, C.\u00a0Bordini<\/td><td>X-ray Absorption Study of Fe ions in Metal-Chitosan Complexes<\/td><td>P-20<\/td><td>65<\/td><\/tr><tr><td>D. Klinger, S. Kret, E. Lusakowska, M.\u00a0Jurek, D.\u00a0\u017bymierska<\/td><td>Creation of Periodical Defect Structure during Nanosecond Laser Annealing of Si<\/td><td>P-21<\/td><td>66<\/td><\/tr><tr><td>D. Klinger, E. Lusakowska, D. \u017bymierska, L.\u00a0Nowicki<\/td><td>Morphological and Structural Defects Created in Si-Sn Layer by a Nanosecond Laser Pulse<\/td><td>P-22<\/td><td>67<\/td><\/tr><tr><td>D. Klinger, R. Sobierajski, R. Nietuby\u0107, J.\u00a0Krzywi\u0144ski, J. Pe\u0142ka, M. Jurek, D.\u00a0\u017bymierska, S.\u00a0Guizard, H. Merdji<\/td><td>Femtosecond Laser Surface Modifications of Polymethylmethacrylate<\/td><td>P-23<\/td><td>68<\/td><\/tr><tr><td>I.A. Kowalik, B.J. Kowalski, R.J. Iwanowski, K.\u00a0Kopalko, M. Sawicki, E. Lusakowska, J.\u00a0Sadowski, M. Adell, I. Grzegory, S.\u00a0Porowski<\/td><td>Resonant Photoemission Studies of the Electronic Structure of MnAs Dots on GaN<\/td><td>P-24<\/td><td>69<\/td><\/tr><tr><td>M. Kozak<\/td><td>Synchrotron Radiation Small Angle Scattering Studies of Selected Phospholipids-Protein Mixtures<\/td><td>P-25<\/td><td>70<\/td><\/tr><tr><td>M. Kozak, A. Grubb<\/td><td>SAXS Studies of Human Protein HC (a1-microglobulin)<\/td><td>P-26<\/td><td>71<\/td><\/tr><tr><td>J. Krcm\u00e1r, V. Hol\u00fd<\/td><td>X-ray Standing-Wave Effects in Grazing-Incidence X-ray Diffraction from Polycrystalline Multilayers<\/td><td>P-27<\/td><td>72<\/td><\/tr><tr><td>J. Szlachetko, R. Barrett, M. Berset, J.-Cl.\u00a0Dousse, K. Fennane, J. Hoszowska, A.\u00a0Kubala-Kuku\u015b, M.\u00a0Pajek, M. Szlachetko<\/td><td>X-ray Resonant Raman Scattering in Si and SiO<sub>2<\/sub>\u00a0at Si-K Absorption Edge<\/td><td>P-28<\/td><td>73<\/td><\/tr><tr><td>W. M. Kwiatek, C. Paluszkiewicz, A. Bana\u015b, A.\u00a0Kisiel, M. Podg\u00f3rczyk, A. Marcelli, M.\u00a0Cestelli Guidi, M. Piccinini<\/td><td>Application of \u00b5-FTIR-SR Spectroscopy to Prostate Tissue Analysis<\/td><td>P-29<\/td><td>74<\/td><\/tr><tr><td>A. Malinowska, M. Lefeld-Sosnowska, K.\u00a0Wieteska, W. Wierzchowski, W. Graeff<\/td><td>Monochromatic and White Beam Synchrotron Radiation and Conventional X-ray Topography of SrLaGaO<sub>4<\/sub>\u00a0Crystals<\/td><td>P-30<\/td><td>75<\/td><\/tr><tr><td>M. Meduna, J. Nov\u00e1k, V. Hol\u00fd, G. Bauer, C.V.\u00a0Falub, S. Tsujino, D. Gr\u00fctzmacher<\/td><td>In-situ Investigations of Si and Ge Interdiffusion in Si Cascade Structures<\/td><td>P-31<\/td><td>76<\/td><\/tr><tr><td>L. Helfen, T. Baumbach, P. Pernot, P.\u00a0Mikul\u00edk, M.\u00a0DiMichiel, J. Baruchel<\/td><td>High-Resolution Three-Dimensional Imaging by Synchrotron-Radiation Computed Laminography<\/td><td>P-32<\/td><td>77<\/td><\/tr><tr><td>R. Minikayev, W. Paszkowicz, J. Pi\u0119tosa, J.\u00a0Nowak, Ch. Lathe<\/td><td>High-Pressure Diffraction Study of Indium Nitride<\/td><td>P-33<\/td><td>78<\/td><\/tr><tr><td>R. Mroczka, P. Bartosik, Z. Saw\u0142owicz, K.\u00a0Skrzypiec, G. Falkenberg, G. \u017bukoci\u0144ski A.\u00a0Kuczumow<\/td><td>Optimization of Metallic X-ray Capillary Production<\/td><td>P-34<\/td><td>79<\/td><\/tr><tr><td>R. M\u00fcller, A. Hoehl, R. Klein, G. Ulm, U.\u00a0Schade, G. W\u00fcstefeld<\/td><td>Infrared Radiation from the New Electron Storage Ring &#8220;Metrology Light Source&#8221; of the Physikalisch-Technische Bundesanstalt<\/td><td>P-35<\/td><td>80<\/td><\/tr><tr><td>W. Nowicki, E. Wolska, J. Darul, P. Piszora<\/td><td>Influence of Simultaneous Doping of Li<sup>+<\/sup>\u00a0and Fe<sup>3+<\/sup>\u00a0Ions in the LiMn<sub>2<\/sub>O<sub>4<\/sub>\u00a0Spinel Structure<\/td><td>P-36<\/td><td>81<\/td><\/tr><tr><td>P. Dziawa, B.A. Orlowski, V. Osinniy, M.\u00a0Pietrzyk, B. Taliashvili, T. Story, R.L.\u00a0Johnson<\/td><td>Resonant Photoemission Study of Gd 4f and 5p Electrons to (PbGd)Te<\/td><td>P-37<\/td><td>82<\/td><\/tr><tr><td>V. Osinniy, P. Dziawa, B.A. Orlowski, B.J.\u00a0Kowalski, M. Pietrzyk, B. Taliashvili, S.\u00a0Mickievicius, T. Story, R. L. Johnson<\/td><td>Te Atoms on EuGdTe Layers &#8211; Fano Type Resonant Photoemission Study<\/td><td>P-38<\/td><td>83<\/td><\/tr><tr><td>A. Pasewicz, D. Idziak, J. Ko\u0142oczek, R.\u00a0Wrzalik, P.\u00a0Ku\u015b, A. Ratuszna, T. Fennell, V. Honkim\u00e4ki, A.\u00a0Burian<\/td><td>Pair Correlation Function Analysis of 5-(4- hexadecyloxyphenyl)-10,15,20-tri(4-pyridyl)porphyrin and 5-(4-methoxycarbonylphenyl)-10,15,10-tri(4-pyridyl)- porphyrin<\/td><td>P-39<\/td><td>84<\/td><\/tr><tr><td>W. Paszkowicz, R. Minikayev, J. Pi\u0119tosa, P.\u00a0Piszora, Y. Cerenius, S. Carlson, S.\u00a0Kolesnik, M.\u00a0Majjiga, B. Dabrowski<\/td><td>High-Pressure Diffraction Study of La<sub>1-x<\/sub>Sr<sub>x<\/sub>CoO<sub>3-y<\/sub>\u00a0at I711 (MAX-II) Beamline<\/td><td>P-40<\/td><td>85<\/td><\/tr><tr><td>M.A. Pietrzyk, B.A. Orlowski, B.J. Kowalski, P.\u00a0Dziawa, V. Osinniy, B. Taliashvili, R.L.\u00a0Johnson<\/td><td>Photoemission Study of Gd Deposition on PbTe MBE Layers<\/td><td>P-41<\/td><td>86<\/td><\/tr><tr><td>M.A. Pietrzyk, B.J. Kowalski, B.A. Orlowski, P.\u00a0Dziawa, V. Osinniy, V.E. Slynko, E.I.\u00a0Slynko, R.L. Johnson<\/td><td>Photoemission Study of Mn 3p-3d Resonances in GeMnTe and GeMnEuTe Crystals<\/td><td>P-42<\/td><td>87<\/td><\/tr><tr><td>E. Piskorska, V. Hol\u00fd, M. Siebert, Th.\u00a0Schmidt, J.\u00a0Falta, T. Yamaguchi, D.\u00a0Hommel, H. Renevier<\/td><td>Characterization of Self-Organized InGaN\/GaN Quantum Dots by Diffraction Anomalous Fine Structure<\/td><td>P-43<\/td><td>88<\/td><\/tr><tr><td>W. S\u0142awi\u0144ski, R. Przenios\u0142o, I. Sosnowska, M.\u00a0Brunelli<\/td><td>Synchrotron Radiation Diffraction in NdFeO<sub>3<\/sub><\/td><td>P-44<\/td><td>89<\/td><\/tr><tr><td>W. Szczerba, C.J. Oates, M. Sikora, M.\u00a0Borowiec, Cz. Kapusta, M. Allix, M.R.\u00a0Rosseinsky, R. Ruiz-Bustos, P.D.\u00a0Battle<\/td><td>XAS Study of Brownmillerites and Ruddlesden-Popper Manganites<\/td><td>P-45<\/td><td>90<\/td><\/tr><tr><td>K. Szpotkowski, M. Kozak, M. Kempka, S.\u00a0Jurga<\/td><td>SAXS, NMR and DSC Studies of DMPC\/DHPC Bicellar System<\/td><td>P-46<\/td><td>91<\/td><\/tr><tr><td>P. Vagovic, D. Koryt\u00e1r, P. Mikul\u00edk, C. Ferrari<\/td><td>X-Ray Optics for HRXRD Measurements and X-ray Imaging<\/td><td>P-47<\/td><td>92<\/td><\/tr><tr><td>E. Wierzbicka, A. K\u0142os, M. Lefeld-Sosnowska, W.\u00a0Wierzchowski, K. Wieteska, W. Graeff<\/td><td>Synchrotron Radiation and Conventional X-ray Topography of Nd Doped GdCa<sub>4<\/sub>O(BO<sub>3<\/sub>)<sub>3<\/sub>\u00a0Crystals<\/td><td>P-48<\/td><td>93<\/td><\/tr><tr><td>W. Wierzchowski, K. Wieteska, A.\u00a0Malinowska, E.\u00a0Wierzbicka, K. Grasza, E.\u00a0Tymicki, W. Graeff<\/td><td>Topographic and Reticulographic Synchrotron Investigation of SiC Crystals<\/td><td>P-49<\/td><td>94<\/td><\/tr><tr><td>W. Wierzchowski, K. Wieteska, D. \u017bymierska, W.\u00a0Graeff, T. Czosnyka, and J. Choi\u0144ski<\/td><td>Synchrotron Studies of Burried Layered Stuctures Obtained by Implantation with Swift Heavy Ions in Silicon Single Crystals<\/td><td>P-50<\/td><td>95<\/td><\/tr><tr><td colspan=\"4\">Regular contributions<\/td><\/tr><tr><td>R.J. Davies, M. Burghammer, C. Riekel<\/td><td><a href=\"http:\/\/www.synchrotron.org.pl\/publ\/biulet\/vo05\/p96-Davies.pdf\">An Overview of the ESRF&#8217;s ID13 Microfocus Beamline<\/a><\/td><td>\u00a0<\/td><td>96<\/td><\/tr><tr><td>A. Lausi, E. Busetto, M. Leoni, P. Scardi<\/td><td><a href=\"http:\/\/www.synchrotron.org.pl\/publ\/biulet\/vo05\/p100-Lausi.pdf\">The MCX project: a Powder Diffraction beamline at ELETTRA<\/a><\/td><td>\u00a0<\/td><td>100<\/td><\/tr><tr><td>Y. Cerenius, C. Svensson<\/td><td><a href=\"http:\/\/www.synchrotron.org.pl\/publ\/biulet\/vo05\/p105-Cerenius.pdf\">A High-Resolution Powder Diffraction and Small\/Wide Angle X-ray scattering (SAXS\/WAXS) Beamline on MAX IV<\/a><\/td><td>\u00a0<\/td><td>105<\/td><\/tr><tr><td>C. Lathe, H.J. M\u00fcller, F.R. Schilling, H.J.\u00a0Reichmann, J. Lauterjung<\/td><td><a href=\"http:\/\/www.synchrotron.org.pl\/publ\/biulet\/vo05\/p111-Lathe.pdf\">HARWI-II: A New High Pressure Beamline Equipped with a Large-Volume Press, MAX200x<\/a><\/td><td>\u00a0<\/td><td>111<\/td><\/tr><tr><td>W. Paszkowicz<\/td><td><a href=\"http:\/\/www.synchrotron.org.pl\/publ\/biulet\/vo05\/p115-Paszkowicz.pdf\">Ninety Years of Powder Diffraction: from Birth to Maturity<\/a><\/td><td>\u00a0<\/td><td>115<\/td><\/tr><tr><td>P. Piszora<\/td><td><a href=\"http:\/\/www.synchrotron.org.pl\/publ\/biulet\/vo05\/p127-Piszora.pdf\">About the Beginning of Powder X-ray Diffraction in Poland &#8211; a Story of Two Merit Apparatus<\/a><\/td><td>\u00a0<\/td><td>127<\/td><\/tr><tr><td>D. \u017bymierska<\/td><td><a href=\"http:\/\/www.synchrotron.org.pl\/publ\/biulet\/vo05\/p130-Zymierska-news.pdf\">News from the Polish Synchrotron Radiation Society<\/a><\/td><td>\u00a0<\/td><td>130<\/td><\/tr><tr><td>D. \u017bymierska<\/td><td><a href=\"http:\/\/www.synchrotron.org.pl\/publ\/biulet\/vo05\/p132-Zymierska-PTPS.pdf\">Polskie Towarzystwo Promieniowania Synchrotronowego<\/a><\/td><td>\u00a0<\/td><td>132<\/td><\/tr><tr><td>\u00a0<\/td><td>Warsztaty Naukowe: Zastosowanie Absorpcji Rentgenowskiej do Okre\u015blania Lokalnej Struktury Atomowej i Elektronowej Materia\u0142\u00f3w.<\/td><td>\u00a0<\/td><td>134<\/td><\/tr><tr><td>\u00a0<\/td><td>7. Krajowe Sympozjum U\u017cytkownik\u00f3w Promieniowania Synchrotronowego, Pozna\u0144, 24-26 wrze\u015bnia 2007<\/td><td>\u00a0<\/td><td>135<\/td><\/tr><tr><td>\u00a0<\/td><td>Author&#8217;s index<\/td><td>\u00a0<\/td><td>136<\/td><\/tr><tr><td>\u00a0<\/td><td><a href=\"http:\/\/www.synchrotron.org.pl\/publ\/biulet\/vo05\/p138-conferences.pdf\">Conference proceedings of meetings organised and co-organised by Polish Synchrotron Radiation Society, 1992-2005<\/a><\/td><td>\u00a0<\/td><td>138<\/td><\/tr><tr><td>\u00a0<\/td><td>Polish Synchrotron Radiation Society<\/td><td>\u00a0<\/td><td>cover<\/td><\/tr><tr><td>\u00a0<\/td><td><a href=\"http:\/\/www.synchrotron.org.pl\/publ\/biulet\/vo05\/okladka4.pdf\">Useful web addresses<\/a><\/td><td>\u00a0<\/td><td>cover<\/td><\/tr><\/tbody><\/table><\/div>\n\t\t\t\t<\/div>\n\t\t\t\t<\/div>\n\t\t\t\t\t\t<\/div>\n\t\t\t<\/div>\n\t\t<\/div>\n\t\t\t\t\t\t<\/div>\n\t\t\t<\/div>\n\t\t<\/section>\n\t\t\t\t\t\t<\/div>\n\t\t\t<\/div>\n\t\t<\/div>\n\t\t","protected":false},"excerpt":{"rendered":"<p>vol. 5 (1-2) \u00a0 CONTENTS \u00a0 I-VI \u00a0 ISSRNS \u00a0 1-2 Krystyna Lawniczak-Jablonska We Are Fifteeners!!! 15 Years of Polish Synchrotron Radiation Society \u00a0 3-4 \u00a0 PROGRAM \u00a0 5-9 ISSRNS-8: Abstracts of invited lectures and oral presentations J.-M. Tonnerre, S. Grenier, G. Carbone, N.\u00a0Jaouen, E. Bontempi, U. Staub Polarized X-ray&hellip;<\/p>\n<p> <a class=\"more-link\" href=\"https:\/\/biuletyn.synchrotron.org.pl\/?page_id=12475\">Read more<\/a><\/p>\n","protected":false},"author":1,"featured_media":0,"parent":0,"menu_order":0,"comment_status":"closed","ping_status":"closed","template":"","meta":[],"_links":{"self":[{"href":"https:\/\/biuletyn.synchrotron.org.pl\/index.php?rest_route=\/wp\/v2\/pages\/12475"}],"collection":[{"href":"https:\/\/biuletyn.synchrotron.org.pl\/index.php?rest_route=\/wp\/v2\/pages"}],"about":[{"href":"https:\/\/biuletyn.synchrotron.org.pl\/index.php?rest_route=\/wp\/v2\/types\/page"}],"author":[{"embeddable":true,"href":"https:\/\/biuletyn.synchrotron.org.pl\/index.php?rest_route=\/wp\/v2\/users\/1"}],"replies":[{"embeddable":true,"href":"https:\/\/biuletyn.synchrotron.org.pl\/index.php?rest_route=%2Fwp%2Fv2%2Fcomments&post=12475"}],"version-history":[{"count":2,"href":"https:\/\/biuletyn.synchrotron.org.pl\/index.php?rest_route=\/wp\/v2\/pages\/12475\/revisions"}],"predecessor-version":[{"id":12519,"href":"https:\/\/biuletyn.synchrotron.org.pl\/index.php?rest_route=\/wp\/v2\/pages\/12475\/revisions\/12519"}],"wp:attachment":[{"href":"https:\/\/biuletyn.synchrotron.org.pl\/index.php?rest_route=%2Fwp%2Fv2%2Fmedia&parent=12475"}],"curies":[{"name":"wp","href":"https:\/\/api.w.org\/{rel}","templated":true}]}}