{"id":12102,"date":"2020-03-30T22:08:08","date_gmt":"2020-03-30T21:08:08","guid":{"rendered":"http:\/\/biuletyn.synchrotron.org.pl\/?page_id=12102"},"modified":"2020-03-30T22:08:26","modified_gmt":"2020-03-30T21:08:26","slug":"12102-2","status":"publish","type":"page","link":"https:\/\/biuletyn.synchrotron.org.pl\/?page_id=12102","title":{"rendered":"Volume 4, Number 1-2, September 2005"},"content":{"rendered":"<table cellspacing=\"30\" cellpadding=\"3\" align=\"center\">\n<tbody>\n<tr>\n<td colspan=\"4\">vol. 4<\/td>\n<\/tr>\n<tr>\n<td width=\"30%\">W. Paszkowicz<\/td>\n<td width=\"50%\"><a href=\"http:\/\/www.synchrotron.org.pl\/publ\/biulet\/vo04\/editorial.pdf\">Editorial<\/a><\/td>\n<td width=\"10%\"><\/td>\n<td width=\"10%\">I<\/td>\n<\/tr>\n<tr align=\"center\">\n<td colspan=\"3\">CONTENTS<\/td>\n<td>II<\/td>\n<\/tr>\n<tr>\n<td>Y. Cerenius<\/td>\n<td><a href=\"http:\/\/www.synchrotron.org.pl\/publ\/biulet\/vo04\/Gregori-Aminoff.pdf\">The Gregori Aminoff Prize 2005<\/a><\/td>\n<td><\/td>\n<td>1<\/td>\n<\/tr>\n<tr>\n<td>D \u017bymierska<\/td>\n<td><a href=\"http:\/\/www.synchrotron.org.pl\/publ\/biulet\/vo04\/news.pdf\">News from the Polish Synchrotron Radiation Society<\/a><\/td>\n<td><\/td>\n<td>4<\/td>\n<\/tr>\n<tr>\n<td><\/td>\n<td><a href=\"http:\/\/www.synchrotron.org.pl\/publ\/biulet\/vo04\/laudacja.pdf\">Laudacja<\/a><\/td>\n<td><\/td>\n<td>5<\/td>\n<\/tr>\n<tr align=\"center\">\n<td colspan=\"3\"><a href=\"http:\/\/www.synchrotron.org.pl\/publ\/biulet\/vo04\/biuletyn.pdf\">6th National Symposium of Synchrotron Radiation Users (KSUPS)<\/a><\/td>\n<td>6<\/td>\n<\/tr>\n<tr>\n<td><\/td>\n<td><a href=\"http:\/\/www.synchrotron.org.pl\/publ\/biulet\/vo04\/program.pdf\">Programme<\/a><\/td>\n<td><\/td>\n<td>7<\/td>\n<\/tr>\n<tr align=\"center\">\n<td colspan=\"4\">Extended abstracts of invited lectures<\/td>\n<\/tr>\n<tr>\n<td>B.J. Kowalski, I.A. Kowalik, R.J.\u00a0Iwanowski, E.\u00a0Lusakowska, K.\u00a0Kopalko, M. Sawicki, J.\u00a0Sadowski, M.\u00a0Adell, I.\u00a0Grzegory, S.\u00a0Porowski<\/td>\n<td><a href=\"http:\/\/www.synchrotron.org.pl\/publ\/biulet\/vo04\/LA01-Kowalski.pdf\">Localized 3d states in spintronic materials &#8211;\u00a0studies with use of synchrotron radiation<\/a><\/td>\n<td>LA01<\/td>\n<td>8<\/td>\n<\/tr>\n<tr>\n<td>J. Szade<\/td>\n<td><a href=\"http:\/\/www.synchrotron.org.pl\/publ\/biulet\/vo04\/LA02-Szade.pdf\">Emisja rezonansowa dla zwi\u0105zk\u00f3w ziem rzadkich<\/a><\/td>\n<td>LA02<\/td>\n<td>10<\/td>\n<\/tr>\n<tr>\n<td>P. Zajdel, M. Green, J. Warczewski, J.\u00a0Konior, J.\u00a0Krok-Kowalski, P. Gusin, M.\u00a0Oboz, L.I.\u00a0Koroleva, R.V. Demin, S.\u00a0Fiddy<\/td>\n<td><a href=\"http:\/\/www.synchrotron.org.pl\/publ\/biulet\/vo04\/RA01-Zajdel.pdf\">Cu K and Cr K edges in CuCr<sub>2-x<\/sub>Sb<sub>x<\/sub>S<sub>4<\/sub>\u00a0(x\u00a0=\u00a00.3, 0.4, 0.5) &#8211; XANES spectra and LAPW calculations<\/a><\/td>\n<td>RA01<\/td>\n<td>12<\/td>\n<\/tr>\n<tr align=\"center\">\n<td colspan=\"4\">Extended abstracts of oral presentations<\/td>\n<\/tr>\n<tr>\n<td>I.A. Kowalik, B.J. Kowalski, B.A.\u00a0Orlowski, P.\u00a0Dziawa, E.\u00a0Lusakowska, R.L. Johnson, J.\u00a0Brison, L. Houssiau, I.\u00a0Grzegory, S.\u00a0Porowski<\/td>\n<td><a href=\"http:\/\/www.synchrotron.org.pl\/publ\/biulet\/vo04\/RA02-Kowalik.pdf\">A resonant photoemission study of Co\/GaN system<\/a><\/td>\n<td>RA02<\/td>\n<td>14<\/td>\n<\/tr>\n<tr>\n<td>J.B. Pelka, M. Bittner, L. Juha, M. Jurek, D.\u00a0Klinger, J.\u00a0Krzywinski, R. Nietubyc, K.\u00a0Sokolowski-Tinten, R.\u00a0Sobierajski, T.\u00a0Tschentscher<\/td>\n<td><a href=\"http:\/\/www.synchrotron.org.pl\/publ\/biulet\/vo04\/RA03-Pelka.pdf\">Investigation of structure modifications in\u00a0materials irradiated by ultra-short pulses of 4<sup>th<\/sup>\u00a0generation XUV FEL source<\/a><\/td>\n<td>RA03<\/td>\n<td>16<\/td>\n<\/tr>\n<tr align=\"center\">\n<td colspan=\"4\">Extended abstracts of poster contributions<\/td>\n<\/tr>\n<tr>\n<td>M. Klepka, K. Lawniczak-Jablonska, R.\u00a0Minikayev, W.\u00a0Paszkowicz, M.\u00a0Jablonski, M.\u00a0Walczak, A.\u00a0Wolska, H.\u00a0Rossner<\/td>\n<td><a href=\"http:\/\/www.synchrotron.org.pl\/publ\/biulet\/vo04\/PA01-Klepka.pdf\">XANES as a tool for estimation of Fe and Ti ionic state in raw materials used in pigments production<\/a><\/td>\n<td>PA01<\/td>\n<td>18<\/td>\n<\/tr>\n<tr>\n<td>I.N.\u00a0Demchenko, K.\u00a0Lawniczak-Jablonska, Z.\u00a0Liliental-Weber, D.N.\u00a0Zakharov, K.S.\u00a0Zhuravlev<\/td>\n<td><a href=\"http:\/\/www.synchrotron.org.pl\/publ\/biulet\/vo04\/PA02-Demchenko.pdf\">EXAFS as a tool for investigation of the local environment of Ge atoms in buried low-dimensional structures<\/a><\/td>\n<td>PA02<\/td>\n<td>20<\/td>\n<\/tr>\n<tr>\n<td>W. Burian, J. Szade, T. O&#8217;Keevan, Z.\u00a0Celinski, M.\u00a0Zangrando, F. Bondin, E.\u00a0Magnano<\/td>\n<td><a href=\"http:\/\/www.synchrotron.org.pl\/publ\/biulet\/vo04\/PA03-Burian.pdf\">Rezonansowo indukowane stany dwuwartosciowego Eu w ultra-cienkich warstwach EuF<sub>3<\/sub><\/a><\/td>\n<td>PA03<\/td>\n<td>22<\/td>\n<\/tr>\n<tr>\n<td>K. Lawniczak-Jablonska, E. Dynowska, N.V.\u00a0Babushkina, S.A. Malyshev, L.I.\u00a0Romanova, M.\u00a0Heinonen, T. Laiho<\/td>\n<td><a href=\"http:\/\/www.synchrotron.org.pl\/publ\/biulet\/vo04\/PA04-Lawniczak.pdf\">Morphology of crystalline structure and atomic bonds inside Dy<sub>x<\/sub>O<sub>y<\/sub>\u00a0films grown on Si<\/a><\/td>\n<td>PA04<\/td>\n<td>24<\/td>\n<\/tr>\n<tr>\n<td>K. Lawniczak-Jablonska, I.N. Demchenko, W.\u00a0Szuszkiewicz, E. Piskorska, E.\u00a0Dynowska, E.\u00a0Janik, A.\u00a0Traverse<\/td>\n<td><a href=\"http:\/\/www.synchrotron.org.pl\/publ\/biulet\/vo04\/PA05-Lawniczak.pdf\">Anisotropy of bonds at antiferromagnetic transition in MnTe-based layers<\/a><\/td>\n<td>PA05<\/td>\n<td>26<\/td>\n<\/tr>\n<tr>\n<td>W. Szczerba, C.J. Oates, M. Sikora, M.\u00a0Borowiec, Cz.\u00a0Kapusta, L. Spalek, M.\u00a0Allix, M.R. Rosseinsky, R.\u00a0Ruiz\u00adBustos, P.D.\u00a0Battle<\/td>\n<td><a href=\"http:\/\/www.synchrotron.org.pl\/publ\/biulet\/vo04\/PA06-Borowiec.pdf\">XAS study of brownmillerites and Ruddlesden-Popper manganites<\/a><\/td>\n<td>PA06<\/td>\n<td>28<\/td>\n<\/tr>\n<tr>\n<td>J. Kucytowski, K. Wokulska, A. Misiuk, C.A.\u00a0Londos<\/td>\n<td><a href=\"http:\/\/www.synchrotron.org.pl\/publ\/biulet\/vo04\/PA07-Kucytowski.pdf\">Wp\u0142yw napromieniowania neutronami na zmiany parametr\u00f3w sieciowych w monokryszta\u0142ach Si-Cz<\/a><\/td>\n<td>PA07<\/td>\n<td>30<\/td>\n<\/tr>\n<tr>\n<td>W. Paszkowicz, J. Pietosa, R. Minikayev, J.\u00a0Nowak, Ch.\u00a0Lathe, S. Kolesnik, M.\u00a0Majjiga, B.\u00a0Dabrowski<\/td>\n<td><a href=\"http:\/\/www.synchrotron.org.pl\/publ\/biulet\/vo04\/PA08-Paszkowicz.pdf\">High-pressure diffraction study of\u00a0SrCoO<sub>2.88<\/sub>\u00a0and La<sub>0.33<\/sub>Sr<sub>0.67<\/sub>CoO<sub>2.85<\/sub><\/a><\/td>\n<td>PA08<\/td>\n<td>32<\/td>\n<\/tr>\n<tr>\n<td>W. Paszkowicz, T. Wroblewski, W. Weker<\/td>\n<td><a href=\"http:\/\/www.synchrotron.org.pl\/publ\/biulet\/vo04\/PA09-Paszkowicz.pdf\">Combined diffraction and refraction imaging study of a roman knife<\/a><\/td>\n<td>PA09<\/td>\n<td>34<\/td>\n<\/tr>\n<tr>\n<td>E. Wierzbicka, M. Lefeld-Sosnowska, W.\u00a0Wierzchowski, K.\u00a0Wieteska, W. Graeff<\/td>\n<td><a href=\"http:\/\/www.synchrotron.org.pl\/publ\/biulet\/vo04\/PA10-Wierzbicka.pdf\">Topografia synchrotronowa defekt\u00f3w wzrostowych w GdCa<sub>4<\/sub>O(BO<sub>3<\/sub>)<sub>3<\/sub><\/a><\/td>\n<td>PA10<\/td>\n<td>36<\/td>\n<\/tr>\n<tr>\n<td>W. Wierzchowski, K. Wieteska, J.\u00a0Auleytner, W.\u00a0Graeff, D.\u00a0Zymierska<\/td>\n<td><a href=\"http:\/\/www.synchrotron.org.pl\/publ\/biulet\/vo04\/PA11-Wierzchowski.pdf\">Synchrotron X-ray diffraction studies of Ar-implanted silicon after thermal annealing<\/a><\/td>\n<td>PA11<\/td>\n<td>38<\/td>\n<\/tr>\n<tr>\n<td>K. Wieteska, W. Wierzchowski, D.Zymierska, J.\u00a0Auleytner, W. Graeff, A.\u00a0Misiuk, J. Choinski<\/td>\n<td><a href=\"http:\/\/www.synchrotron.org.pl\/publ\/biulet\/vo04\/PA12-Wieteska.pdf\">Synchrotron studies of HP-HT treated silicon implanted with 42 MeV nitrogen ions<\/a><\/td>\n<td>PA12<\/td>\n<td>40<\/td>\n<\/tr>\n<tr>\n<td>R. Belka, J. Gronkowski, M.\u00a0Lefeld\u00adSosnowska, M.\u00a0Suchanska, E.\u00a0Wierzbicka, W.\u00a0Wierzchowski, K.\u00a0Wieteska<\/td>\n<td><a href=\"http:\/\/www.synchrotron.org.pl\/publ\/biulet\/vo04\/PA13-Gronkowski.pdf\">Rentgenowskie badania topograficzne kryszta\u0142\u00f3w ferroelektrycznych K<sub>2<\/sub>ZnCl<sub>4<\/sub><\/a><\/td>\n<td>PA13<\/td>\n<td>42<\/td>\n<\/tr>\n<tr>\n<td>A. Malinowska, M. Lefeld-Sosnowska, E.\u00a0Wierzbicka, K.\u00a0Wieteska, W.\u00a0Wierzchowski, W.\u00a0Graeff<\/td>\n<td><a href=\"http:\/\/www.synchrotron.org.pl\/publ\/biulet\/vo04\/PA14-Malinowska.pdf\">Synchrotronowa topografia monokryszta\u0142\u00f3w SrLaGaO<sub>4<\/sub>\u00a0w wi\u0105zce bia\u0142ej<\/a><\/td>\n<td>PA14<\/td>\n<td>44<\/td>\n<\/tr>\n<tr>\n<td>K. Turzyniecki<\/td>\n<td><a href=\"http:\/\/www.synchrotron.org.pl\/publ\/biulet\/vo04\/PA15-Turzyniecki.pdf\">Negatywny wynik do\u015bwiadczenia Michelsona-Morleya a teoria promieniowania synchrotronowego<\/a><\/td>\n<td>PA15<\/td>\n<td>46<\/td>\n<\/tr>\n<tr align=\"center\">\n<td colspan=\"4\">Abstracts of invited lectures<\/td>\n<\/tr>\n<tr>\n<td>M. Kozak<\/td>\n<td>Protein structure in crystal and in solution studied by diffraction and scattering of synchrotron radiation<\/td>\n<td>LB01<\/td>\n<td>48<\/td>\n<\/tr>\n<tr>\n<td>J. Gapinski, A. Patkowski<\/td>\n<td>Spektroskopia korelacji foton\u00f3w i\u00a0nieelastyczne rozpraszanie promieniowania synchrotronowego &#8211; nowe\u00a0metody badania dynamiki fazy skondensowanej<\/td>\n<td>LB02<\/td>\n<td>49<\/td>\n<\/tr>\n<tr>\n<td>E.A. G\u00f6rlich<\/td>\n<td>Synchrotronowe \u017ar\u00f3d\u0142o promieniowania dla\u00a0polskiego \u015brodowiska naukowego &#8211; potrzeby i mo\u017cliwosci realizacji projektu<\/td>\n<td>LB03<\/td>\n<td>50<\/td>\n<\/tr>\n<tr>\n<td>J. Rybicki, A. Witkowska<\/td>\n<td>Molecular dynamics methods in EXAFS analysis of disordered systems<\/td>\n<td>LB04<\/td>\n<td>51<\/td>\n<\/tr>\n<tr align=\"center\">\n<td colspan=\"4\">Abstracts of oral presentations<\/td>\n<\/tr>\n<tr>\n<td>M. Walczak, K. Lawniczak-Jablonska, A.\u00a0Sienkiewicz, M.\u00a0Chernyshova, I.N.\u00a0Demchenko, E. Piskorska, D.S.\u00a0Bohle<\/td>\n<td>X-ray absorption for characterising iron environment in malaria pigment and its synthetic substitute<\/td>\n<td>RB01<\/td>\n<td>52<\/td>\n<\/tr>\n<tr>\n<td>M. Sikora, V. Proch\u00e1zka, R. Swatek, Cz.\u00a0Kapusta, K.\u00a0Knizek, Z. Jirak<\/td>\n<td>XAS study of LaMn<sub>1-x<\/sub>Co<sub>x<\/sub>O<sub>3<\/sub>\u00a0compounds<\/td>\n<td>RB02<\/td>\n<td>53<\/td>\n<\/tr>\n<tr align=\"center\">\n<td colspan=\"4\">Abstracts of poster contributions<\/td>\n<\/tr>\n<tr>\n<td>D. Zajac, Cz. Kapusta, M. Borowiec, M.\u00a0Sikora, C.\u00a0Marquina, J. Blasco, M.R.\u00a0Ibarra<\/td>\n<td>XANES and NMR STUDY of the Fe-Mo double perovskites<\/td>\n<td>PB01<\/td>\n<td>54<\/td>\n<\/tr>\n<tr>\n<td>A. Twar\u00f3g, R. Bacewicz, A. Malinowska, S.\u00a0Schorr<\/td>\n<td>Local structure of Mn in Cu chalcopyrites<\/td>\n<td>PB02<\/td>\n<td>55<\/td>\n<\/tr>\n<tr>\n<td>M. Czapla, M. Sikora, V. Prochazka, M.\u00a0Borowiec, D.\u00a0Zajac, D. Rybicki, Cz.\u00a0Kapusta, C.\u00a0Marquina, M.R.\u00a0Ibarra<\/td>\n<td>An NMR and EXAFS study of carbon encapsulated Co nanopaticles<\/td>\n<td>PB03<\/td>\n<td>56<\/td>\n<\/tr>\n<tr>\n<td>E. Piskorska, K. Lawniczak-Jablonska, E.\u00a0Benko, I.N.\u00a0Demchenko, P. Klimczyk, E.\u00a0Welter<\/td>\n<td>XAFS as a tool for identification of\u00a0the\u00a0phases formed in c-BN composites<\/td>\n<td>PB04<\/td>\n<td>57<\/td>\n<\/tr>\n<tr>\n<td>E. Piskorska, V. Hol\u00fd, M. Siebert, B.\u00a0Krause, T.\u00a0Schmidt, J. Falta, T.\u00a0Yamaguchi, D.\u00a0Hommel<\/td>\n<td>Diffraction anomalous fine structure investigation of InGaN quantum dots<\/td>\n<td>PB05<\/td>\n<td>58<\/td>\n<\/tr>\n<tr>\n<td>J. Koloczek, A. Burian, J.C. Dore<\/td>\n<td>Structural studies of carbon nanotubes &#8211; computer modelling<\/td>\n<td>PB06<\/td>\n<td>59<\/td>\n<\/tr>\n<tr>\n<td>H. Grigoriew, J. Gronkowski, R.\u00a0Luboradzki<\/td>\n<td>Badania struktury \u017celi monosacharydowych za pomoc\u0105 rentgenowskiego rozpraszania ma\u0142ok\u0105towego<\/td>\n<td>PB07<\/td>\n<td>60<\/td>\n<\/tr>\n<tr>\n<td>M. Pietrzyk, B.A. Orlowski, B.J.\u00a0Kowalski, P.\u00a0Dziawa, S.\u00a0Mickevicius, V. Osinniy, B.\u00a0Taliashvili, I.A. Kowalik, T.\u00a0Story, R.L.\u00a0Johnson<\/td>\n<td>Study of Eu valence in (Eu,Gd)Te by\u00a0means of photoemission spectroscopy<\/td>\n<td>PB08<\/td>\n<td>61<\/td>\n<\/tr>\n<tr>\n<td>A. Jarmula, W.R. Rypniewski, K. Felczak, W.\u00a0Rode<\/td>\n<td>X-ray crystal structures of 3&#8242;,5&#8242;-di-O-acetyl-N(4)-hydroxy-2&#8242;-deoxycytidine and its 5-fluoro analogue: models of the N(4)-OH-dCMP and N(4)-OH-FdCMP molecules interacting with thymidylate synthase<\/td>\n<td>PB09<\/td>\n<td>62<\/td>\n<\/tr>\n<tr>\n<td>J. Koloczek, L. Hawelek, A. Burian, J.C.\u00a0Dore<\/td>\n<td>Application of image plate for structural studies of carbon nanotubes by high-energy X-ray diffraction<\/td>\n<td>PB10<\/td>\n<td>63<\/td>\n<\/tr>\n<tr>\n<td>W.M. Kwiatek A. Banas, K. Banas, G.\u00a0Dyduch, G.\u00a0Cinque, M. Cestelli Guidi, G.\u00a0Falkenberg, A.\u00a0Kisiel, A. Marcelli, M.\u00a0Piccinini, C.\u00a0Paluszkiewicz, M.\u00a0Podg\u00f3rczyk<\/td>\n<td>Micro and bulk analysis of prostate tissues classified as hyperplasia<\/td>\n<td>PB11<\/td>\n<td>64<\/td>\n<\/tr>\n<tr>\n<td>A. Banas, K. Banas, G. Falkenberg, W.M.\u00a0Kwiatek<\/td>\n<td>Elemental mapping of prostate tissue by\u00a0micro-SRIXE<\/td>\n<td>PB12<\/td>\n<td>65<\/td>\n<\/tr>\n<tr>\n<td>J. Bak-Misiuk, A. Shalimov, A. Misiuk, J.\u00a0H\u00e4rtwig<\/td>\n<td>Defects in Czochralski silicon revealed by\u00a0high temperature-pressure treatment<\/td>\n<td>PB13<\/td>\n<td>66<\/td>\n<\/tr>\n<tr>\n<td>J. Kusz, H.A. Goodwin, P. G\u00fctlich<\/td>\n<td>Phase transition in the [Fe(3-bpp)2][Fe(CN)5(NO)] and [Fe(dpp)2(NCS)2].py spin crossover compounds<\/td>\n<td>PB14<\/td>\n<td>67<\/td>\n<\/tr>\n<tr>\n<td>P. Piszora<\/td>\n<td>Modyfikacje strukturalne spinelowych tlenk\u00f3w litowo-manganowych<\/td>\n<td>PB15<\/td>\n<td>68<\/td>\n<\/tr>\n<tr>\n<td>W. Nowicki<\/td>\n<td>Synteza i badanie struktury tlenk\u00f3w litowo-manganowych<\/td>\n<td>PB16<\/td>\n<td>69<\/td>\n<\/tr>\n<tr>\n<td>J. Darul<\/td>\n<td>Przemiany strukturalne w ferrytach litowych<\/td>\n<td>PB17<\/td>\n<td>70<\/td>\n<\/tr>\n<tr>\n<td><\/td>\n<td>KSUPS authors&#8217; index<\/td>\n<td><\/td>\n<td>71<\/td>\n<\/tr>\n<tr>\n<td><\/td>\n<td><a href=\"http:\/\/www.synchrotron.org.pl\/publ\/biulet\/vo04\/subject.pdf\">KSUPS subjects index<\/a><\/td>\n<td><\/td>\n<td>72<\/td>\n<\/tr>\n<tr>\n<td><\/td>\n<td><a href=\"http:\/\/www.synchrotron.org.pl\/publ\/biulet\/vo04\/beam.pdf\">KSUPS beamlines index<\/a><\/td>\n<td><\/td>\n<td>73<\/td>\n<\/tr>\n<tr>\n<td><\/td>\n<td>Information on the 8th ISSRNS<\/td>\n<td><\/td>\n<td>74<\/td>\n<\/tr>\n<tr>\n<td><\/td>\n<td><a href=\"http:\/\/www.synchrotron.org.pl\/publ\/biulet\/vo04\/proceedings.pdf\">Conference proceedings of meetings organised by PSRS<\/a><\/td>\n<td><\/td>\n<td>74<\/td>\n<\/tr>\n<tr>\n<td><\/td>\n<td><a href=\"http:\/\/www.synchrotron.org.pl\/publ\/biulet\/vo04\/conferences.pdf\">Conferences 2005 &#8211; 2006<\/a><\/td>\n<td><\/td>\n<td>75<\/td>\n<\/tr>\n<tr>\n<td>K. Lawniczak-Jablonska<\/td>\n<td><a href=\"http:\/\/www.synchrotron.org.pl\/publ\/biulet\/vo04\/czas.pdf\">Czas ucieka &#8211; wieczno\u015b\u0107 czeka !!! (Wspomnienie o Jacku Grochowskim)<\/a><\/td>\n<td><\/td>\n<td>76<\/td>\n<\/tr>\n<tr>\n<td><\/td>\n<td><a href=\"http:\/\/www.synchrotron.org.pl\/publ\/biulet\/vo04\/ISSRNS2004.pdf\">7th International School and Symposium on Synchrotron Radiation in Natural Science (ISSRNS\u00a02004)<\/a><\/td>\n<td><\/td>\n<td>78<\/td>\n<\/tr>\n<tr>\n<td><\/td>\n<td>Polish Synchrotron Radiation Society<\/td>\n<td><\/td>\n<td><\/td>\n<\/tr>\n<tr>\n<td><\/td>\n<td><a href=\"http:\/\/www.synchrotron.org.pl\/publ\/biulet\/vo04\/useful.pdf\">Useful web addresses<\/a><\/td>\n<\/tr>\n<\/tbody>\n<\/table>\n","protected":false},"excerpt":{"rendered":"<p>vol. 4 W. Paszkowicz Editorial I CONTENTS II Y. Cerenius The Gregori Aminoff Prize 2005 1 D \u017bymierska News from the Polish Synchrotron Radiation Society 4 Laudacja 5 6th National Symposium of Synchrotron Radiation Users (KSUPS) 6 Programme 7 Extended abstracts of invited lectures B.J. Kowalski, I.A. Kowalik, R.J.\u00a0Iwanowski, E.\u00a0Lusakowska,&hellip;<\/p>\n<p> <a class=\"more-link\" href=\"https:\/\/biuletyn.synchrotron.org.pl\/?page_id=12102\">Read more<\/a><\/p>\n","protected":false},"author":1,"featured_media":0,"parent":0,"menu_order":0,"comment_status":"closed","ping_status":"closed","template":"","meta":[],"_links":{"self":[{"href":"https:\/\/biuletyn.synchrotron.org.pl\/index.php?rest_route=\/wp\/v2\/pages\/12102"}],"collection":[{"href":"https:\/\/biuletyn.synchrotron.org.pl\/index.php?rest_route=\/wp\/v2\/pages"}],"about":[{"href":"https:\/\/biuletyn.synchrotron.org.pl\/index.php?rest_route=\/wp\/v2\/types\/page"}],"author":[{"embeddable":true,"href":"https:\/\/biuletyn.synchrotron.org.pl\/index.php?rest_route=\/wp\/v2\/users\/1"}],"replies":[{"embeddable":true,"href":"https:\/\/biuletyn.synchrotron.org.pl\/index.php?rest_route=%2Fwp%2Fv2%2Fcomments&post=12102"}],"version-history":[{"count":2,"href":"https:\/\/biuletyn.synchrotron.org.pl\/index.php?rest_route=\/wp\/v2\/pages\/12102\/revisions"}],"predecessor-version":[{"id":12104,"href":"https:\/\/biuletyn.synchrotron.org.pl\/index.php?rest_route=\/wp\/v2\/pages\/12102\/revisions\/12104"}],"wp:attachment":[{"href":"https:\/\/biuletyn.synchrotron.org.pl\/index.php?rest_route=%2Fwp%2Fv2%2Fmedia&parent=12102"}],"curies":[{"name":"wp","href":"https:\/\/api.w.org\/{rel}","templated":true}]}}