{"id":12094,"date":"2020-03-30T21:57:28","date_gmt":"2020-03-30T20:57:28","guid":{"rendered":"http:\/\/biuletyn.synchrotron.org.pl\/?page_id=12094"},"modified":"2020-06-02T17:19:06","modified_gmt":"2020-06-02T16:19:06","slug":"volume-5-number-1-2-june-2006","status":"publish","type":"page","link":"https:\/\/biuletyn.synchrotron.org.pl\/?page_id=12094","title":{"rendered":"Volume 5, Number 3, December 2006"},"content":{"rendered":"<table cellspacing=\"30\" cellpadding=\"3\" align=\"center\">\n<tbody>\n<tr>\n<td colspan=\"4\">vol. 5 (3)<\/td>\n<\/tr>\n<tr align=\"center\">\n<td colspan=\"4\">CONTENTS<\/td>\n<\/tr>\n<tr>\n<td><\/td>\n<td><a href=\"http:\/\/www.synchrotron.org.pl\/publ\/biulet\/vo053\/contents.pdf\">Contents<\/a><\/td>\n<td><\/td>\n<td>I-II<\/td>\n<\/tr>\n<tr>\n<td><\/td>\n<td><\/td>\n<td><a href=\"http:\/\/www.synchrotron.org.pl\/publ\/biulet\/vo053\/139-SynchroronLightNews.pdf\">Synchrotron Light News \/ Meetings in Poland<\/a><\/td>\n<td>139<\/td>\n<\/tr>\n<tr>\n<td width=\"30%\">E.A. G\u00f6rlich<\/td>\n<td width=\"30%\"><\/td>\n<td width=\"30%\"><a href=\"http:\/\/www.synchrotron.org.pl\/publ\/biulet\/vo053\/140-Goerlich.pdf\">Polish Synchrotron Radiation Source<\/a><\/td>\n<td width=\"10%\">140-141<\/td>\n<\/tr>\n<tr>\n<td>B.A. Or\u0142owski<\/td>\n<td><a href=\"http:\/\/www.synchrotron.org.pl\/publ\/biulet\/vo053\/142-Orlowski.pdf\">60-ta rocznica pierwszej obserwacji promieniowania synchrotronowego<\/a><\/td>\n<td>60-th anniversary of first observation of synchrotron radiation<\/td>\n<td>142-144<\/td>\n<\/tr>\n<tr>\n<td>A. Kisiel<\/td>\n<td><a href=\"http:\/\/www.synchrotron.org.pl\/publ\/biulet\/vo053\/145-Kisiel.pdf\">Synchrotron jako narz\u0119dzie: zastosowania promieniowania synchrotronowego w spektroskopii cia\u0142a sta\u0142ego<\/a><\/td>\n<td>Synchrotron as a tool: applications of synchrotron radiation in spectrocopy of the solid-state<\/td>\n<td>145-167<\/td>\n<\/tr>\n<tr>\n<td>J.B. Pe\u0142ka, R. Sobierajski<\/td>\n<td><a href=\"http:\/\/www.synchrotron.org.pl\/publ\/biulet\/vo053\/168-Pelka.pdf\">Oddzia\u0142ywanie silnych impuls\u00f3w lasera XUV FEL z materi\u0105 sta\u0142\u0105<\/a><\/td>\n<td>Interaction of strong XUV FEL laser pulses with solids<\/td>\n<td>168-175<\/td>\n<\/tr>\n<tr>\n<td>R. Sobierajski, K. Lawniczak-Jablonska<\/td>\n<td><a href=\"http:\/\/www.synchrotron.org.pl\/publ\/biulet\/vo053\/176-Sobierajski.pdf\">Nowe \u015bwiat\u0142o dla nauki: europejski rentgenowski laser na swobodnych elektronach<\/a><\/td>\n<td>New light for science: European X-ray Free Electron Laser<\/td>\n<td>176-183<\/td>\n<\/tr>\n<tr>\n<td>B.J. Kowalski<\/td>\n<td><a href=\"http:\/\/www.synchrotron.org.pl\/publ\/biulet\/vo053\/184-Kowalski.pdf\">K\u0105towo-rozdzielcza spektroskopia fotoemisyjna czyli struktura pasmowa od A, przez G, do K<\/a><\/td>\n<td>Angle-resolved photoelectron spectroscopy or band structure from A, through G, to K<\/td>\n<td>184-189<\/td>\n<\/tr>\n<tr>\n<td>E. Piskorska, V. Hol\u00fd, M. Siebert, Th. Schmidt, J. Falta, T. Yamaguchi, D. Hommel, H. Renevier<\/td>\n<td><a href=\"http:\/\/www.synchrotron.org.pl\/publ\/biulet\/vo053\/190-Piskorska.pdf\">Charakteryzacja samoorganizuj\u0105cych si\u0119 kropek kwantowych InGaN\/GaN za pomoc\u0105 subtelnej struktury widm anomalnej dyfrakcji (DAFS)<\/a><\/td>\n<td>Characterization of self-organized InGaN\/GaN quantum dots by Diffraction Anomalous Fine Structure (DAFS)<\/td>\n<td>190-193<\/td>\n<\/tr>\n<tr>\n<td>A. Wolska, K. Lawniczak-Jablonska, M. Klepka, M.S. Walczak, A. Misiuk<\/td>\n<td><a href=\"http:\/\/www.synchrotron.org.pl\/publ\/biulet\/vo053\/194-Wolska.pdf\">Struktura lokalna wok\u00f3\u0142 atom\u00f3w Mn implantowanych w krzemie<\/a><\/td>\n<td>Local structure around Mn atoms implanted in silicon<\/td>\n<td>194-196<\/td>\n<\/tr>\n<tr>\n<td>J. B\u0105k-Misiuk, E. Dynowska, P. Romanowski, A. Shalimov, A. Misiuk, J. Trela, W. Szuszkiewicz<\/td>\n<td><a href=\"http:\/\/www.synchrotron.org.pl\/publ\/biulet\/vo053\/197-Bak_Misiuk.pdf\">Badanie poimplantacyjnej struktury Si:Mn metodami dyfrakcji rentgenowskiej z wykorzystaniem promieniowania konwencjonalnego i synchrotronowego<\/a><\/td>\n<td>Investigation of implanted Si:Mn structure by X-ray diffraction methods using conventional and synchrotron radiation<\/td>\n<td>197-203<\/td>\n<\/tr>\n<tr>\n<td>M.A. Pietrzyk, B.A. Or\u0142owski, B.J. Kowalski, P. Dziawa, V. Osinniy, B. Taliashvili, R.L. Johnson<\/td>\n<td><a href=\"http:\/\/www.synchrotron.org.pl\/publ\/biulet\/vo053\/204-Pietrzyk.pdf\">Fotoemisyjne badania gadolinu osadzonego na czystej powierzchni PbGdTe<\/a><\/td>\n<td>Photoemission studies of gadolinium deposited on pure PbGdTe surface<\/td>\n<td>204-208<\/td>\n<\/tr>\n<tr>\n<td>J. Szade, W. Burian, M. Zangrando, F. Bondino, E. Magnano, S. Widuch, Z. Celi\u0144ski<\/td>\n<td><a href=\"http:\/\/www.synchrotron.org.pl\/publ\/biulet\/vo053\/209-Szade.pdf\">Problem warto\u015bciowo\u015bci Eu w pomiarach rezonansowej fotoemisji dla ultracienkich warstw EuF<sub>3<\/sub><\/a><\/td>\n<td>Problem of Eu valence in studies of resonance photoemission for ultra-thin EuF<sub>3<\/sub>\u00a0films<\/td>\n<td>209-212<\/td>\n<\/tr>\n<tr>\n<td>V. Osinniy, B.A. Or\u0142owski, P. Dziawa, B.J. Kowalski, M. Pietrzyk, B. Taliashvili, S. Mickevicius, T. Story, R.L. Johnson<\/td>\n<td><a href=\"http:\/\/www.synchrotron.org.pl\/publ\/biulet\/vo053\/213-Osinniy.pdf\">Badania fotoemisji rezonansowej warstw (Eu,Gd)Te\/Te<\/a><\/td>\n<td>Resonant photoemission studies of (Eu,Gd)Te\/Te thin layers<\/td>\n<td>213-219<\/td>\n<\/tr>\n<tr>\n<td>M. Klepka, K. Lawniczak-Jablonska, I.N. Demchenko, N. Nedelko, A. \u015alawska-Waniewska, C.A. Rodrigues, C. Bordini<\/td>\n<td><a href=\"http:\/\/www.synchrotron.org.pl\/publ\/biulet\/vo053\/220-Klepka.pdf\">Zastosowanie absorpcji rentgenowskiej do wyznaczenia koordynacji \u017celaza w chitosanie<\/a><\/td>\n<td>X-ray absorption spectroscopy investigation of Fe in metal-chitosan complexes<\/td>\n<td>220-223<\/td>\n<\/tr>\n<tr>\n<td>I.N. Demchenko, K. Lawniczak-Jablonska, R. Jakie\u0142a, J.Z. Domaga\u0142a, M. Klepka, A. Wolska, E. Piskorska, J. Sadowski<\/td>\n<td><a href=\"http:\/\/www.synchrotron.org.pl\/publ\/biulet\/vo053\/224-Demchenko.pdf\">Po\u0142o\u017cenie atom\u00f3w Mn w GaAs: spektroskopia absorpcji rentgenowskiej<\/a><\/td>\n<td>Location of Mn atoms in GaAs: X-ray absorption spectroscopy<\/td>\n<td>224-228<\/td>\n<\/tr>\n<tr>\n<td>W. Paszkowicz<\/td>\n<td><a href=\"http:\/\/www.synchrotron.org.pl\/publ\/biulet\/vo053\/229-Paszkowicz.pdf\">Rentgenowskie techniki dyfrakcyjne stosowane w wysokoci\u015bnieniowych badaniach materia\u0142\u00f3w polikrystalicznych<\/a><\/td>\n<td>X-ray diffraction techniques applied in high-pressure studies of polycrystalline materials<\/td>\n<td>229-239<\/td>\n<\/tr>\n<tr>\n<td>W. Wierzchowski, K. Wieteska, A. Malinowska, E. Wierzbicka, K. Grasza, E. Tymicki, T. Balcer, M. Paw\u0142owska, W. Graeff<\/td>\n<td><\/td>\n<td><a href=\"http:\/\/www.synchrotron.org.pl\/publ\/biulet\/vo053\/240-Wierzchowski.pdf\">Investigation of SiC crystals by means of synchrotron topography<\/a><\/td>\n<td>240-243<\/td>\n<\/tr>\n<tr>\n<td>W. Wierzchowski, K. Wieteska, D. \u017bymierska, W. Graeff, T. Czosnyka , J. Choi\u0144ski<\/td>\n<td><\/td>\n<td><a href=\"http:\/\/www.synchrotron.org.pl\/publ\/biulet\/vo053\/244-Wierzchowski.pdf\">Synchrotron topographic and diffractometric studies of buried layered structures obtained by implantation with swift heavy ions in silicon single crystals<\/a><\/td>\n<td>244-248<\/td>\n<\/tr>\n<tr>\n<td>M. Brancewicz, A. Andrejczuk, L. Dobrzy\u0144ski, H. Reniewicz, E. \u017bukowski<\/td>\n<td><\/td>\n<td><a href=\"http:\/\/www.synchrotron.org.pl\/publ\/biulet\/vo053\/249-Brancewicz.pdf\">A need for high resolution Compton scattering study of hcp metals with the use of synchrotron radiation<\/a><\/td>\n<td>249-251<\/td>\n<\/tr>\n<tr>\n<td><\/td>\n<td><\/td>\n<td><a href=\"http:\/\/www.synchrotron.org.pl\/publ\/biulet\/vo053\/252-7KSUPS.pdf\">KSUPS 2007 Meeting<\/a><\/td>\n<td>252<\/td>\n<\/tr>\n<tr>\n<td><\/td>\n<td><\/td>\n<td><a href=\"http:\/\/www.synchrotron.org.pl\/publ\/biulet\/vo053\/cover1.pdf\">Polish Synchrotron Radiation Society<\/a><\/td>\n<td>cover<\/td>\n<\/tr>\n<tr>\n<td><\/td>\n<td><\/td>\n<td><a href=\"http:\/\/www.synchrotron.org.pl\/publ\/biulet\/vo053\/cover2.pdf\">Useful web addresses<\/a><\/td>\n<td>cover<\/td>\n<\/tr>\n<\/tbody>\n<\/table>\n","protected":false},"excerpt":{"rendered":"<p>vol. 5 (3) CONTENTS Contents I-II Synchrotron Light News \/ Meetings in Poland 139 E.A. G\u00f6rlich Polish Synchrotron Radiation Source 140-141 B.A. Or\u0142owski 60-ta rocznica pierwszej obserwacji promieniowania synchrotronowego 60-th anniversary of first observation of synchrotron radiation 142-144 A. Kisiel Synchrotron jako narz\u0119dzie: zastosowania promieniowania synchrotronowego w spektroskopii cia\u0142a sta\u0142ego&hellip;<\/p>\n<p> <a class=\"more-link\" href=\"https:\/\/biuletyn.synchrotron.org.pl\/?page_id=12094\">Read more<\/a><\/p>\n","protected":false},"author":1,"featured_media":0,"parent":0,"menu_order":0,"comment_status":"closed","ping_status":"closed","template":"","meta":[],"_links":{"self":[{"href":"https:\/\/biuletyn.synchrotron.org.pl\/index.php?rest_route=\/wp\/v2\/pages\/12094"}],"collection":[{"href":"https:\/\/biuletyn.synchrotron.org.pl\/index.php?rest_route=\/wp\/v2\/pages"}],"about":[{"href":"https:\/\/biuletyn.synchrotron.org.pl\/index.php?rest_route=\/wp\/v2\/types\/page"}],"author":[{"embeddable":true,"href":"https:\/\/biuletyn.synchrotron.org.pl\/index.php?rest_route=\/wp\/v2\/users\/1"}],"replies":[{"embeddable":true,"href":"https:\/\/biuletyn.synchrotron.org.pl\/index.php?rest_route=%2Fwp%2Fv2%2Fcomments&post=12094"}],"version-history":[{"count":3,"href":"https:\/\/biuletyn.synchrotron.org.pl\/index.php?rest_route=\/wp\/v2\/pages\/12094\/revisions"}],"predecessor-version":[{"id":12474,"href":"https:\/\/biuletyn.synchrotron.org.pl\/index.php?rest_route=\/wp\/v2\/pages\/12094\/revisions\/12474"}],"wp:attachment":[{"href":"https:\/\/biuletyn.synchrotron.org.pl\/index.php?rest_route=%2Fwp%2Fv2%2Fmedia&parent=12094"}],"curies":[{"name":"wp","href":"https:\/\/api.w.org\/{rel}","templated":true}]}}