{"id":12089,"date":"2020-03-30T21:53:41","date_gmt":"2020-03-30T20:53:41","guid":{"rendered":"http:\/\/biuletyn.synchrotron.org.pl\/?page_id=12089"},"modified":"2020-03-30T21:56:35","modified_gmt":"2020-03-30T20:56:35","slug":"volume-6-number-1-2-september-2007","status":"publish","type":"page","link":"https:\/\/biuletyn.synchrotron.org.pl\/?page_id=12089","title":{"rendered":"Volume 6, Number 1-2, September 2007"},"content":{"rendered":"<table cellspacing=\"30\" cellpadding=\"3\" align=\"center\">\n<tbody>\n<tr align=\"center\">\n<td colspan=\"4\">vol. 6\u00a0<a href=\"http:\/\/www.synchrotron.org.pl\/publ\/publ\/biulet\/all_in_one\/Bull_PTPS_vol_06.pdf\">ALL IN ONE FILE Bulletin vol. 06 (15 MB)<\/a><\/td>\n<\/tr>\n<tr>\n<td width=\"30%\">W. Paszkowicz, E.A. G\u00f6rlich<\/td>\n<td width=\"30%\"><a href=\"http:\/\/www.synchrotron.org.pl\/publ\/publ\/biulet\/vo06\/pI-mapa.pdf\">Mapa Drogowa umacnia nauk\u0119 europejsk\u0105<\/a><\/td>\n<td width=\"30%\">The Road Map strengthens the European science<\/td>\n<td width=\"10%\">I<\/td>\n<\/tr>\n<tr>\n<td><\/td>\n<td><a href=\"http:\/\/www.synchrotron.org.pl\/publ\/publ\/biulet\/vo06\/pII-spis.pdf\">CONTENTS<\/a><\/td>\n<td><\/td>\n<td>II<\/td>\n<\/tr>\n<tr>\n<td><\/td>\n<td><\/td>\n<td><a href=\"http:\/\/www.synchrotron.org.pl\/publ\/publ\/biulet\/vo06\/p1-news.pdf\">Synchrotron Light News<\/a><\/td>\n<td>1<\/td>\n<\/tr>\n<tr>\n<td><\/td>\n<td>KSUPS-7 &#8211; 7. Krajowe Sympozjum U\u017cytkownik\u00f3w Promieniowania Synchrotronowego oraz 1 Krajowa Konferencja &#8220;Polski Synchrotron &#8211; linie eksperymentalne&#8221;<\/td>\n<td>KSUPS-7 &#8211; 7<sup>th<\/sup>\u00a0National Symposium of Synchrotron Users and 1<sup>st<\/sup>\u00a0National Conference &#8220;Polish Synchrotron &#8211; experimental beamlines&#8221;<\/td>\n<td><\/td>\n<\/tr>\n<tr>\n<td><\/td>\n<td><a href=\"http:\/\/www.synchrotron.org.pl\/publ\/publ\/biulet\/vo06\/p3-KSUPS.pdf\">Information on 7<sup>th<\/sup>\u00a0National Symposium of Synchrotron Users<\/a><\/td>\n<td><\/td>\n<td>3<\/td>\n<\/tr>\n<tr>\n<td><\/td>\n<td><a href=\"http:\/\/www.synchrotron.org.pl\/publ\/publ\/biulet\/vo06\/p3-KSUPS.pdf\">Programme of 7<sup>th<\/sup>\u00a0National Symposium of Synchrotron Users<\/a><\/td>\n<td><\/td>\n<td>5<\/td>\n<\/tr>\n<tr>\n<td><\/td>\n<td><a href=\"http:\/\/www.synchrotron.org.pl\/publ\/publ\/biulet\/vo06\/p3-KSUPS.pdf\">Information on 1<sup>st<\/sup>\u00a0National Conference &#8220;Polish Synchrotron &#8211; experimental beamlines&#8221;<\/a><\/td>\n<td><\/td>\n<td>7<\/td>\n<\/tr>\n<tr>\n<td><\/td>\n<td><a href=\"http:\/\/www.synchrotron.org.pl\/publ\/publ\/biulet\/vo06\/p3-KSUPS.pdf\">Program of 1<sup>st<\/sup>\u00a0National Conference &#8220;Polish Synchrotron &#8211; experimental beamlines&#8221;<\/a><\/td>\n<td><\/td>\n<td>8<\/td>\n<\/tr>\n<tr align=\"center\">\n<td><\/td>\n<td colspan=\"3\">KSUPS: invited lectures<\/td>\n<\/tr>\n<tr>\n<td>A. Kisiel<\/td>\n<td>Synchrotronowe metody analizy struktury elektronowej pasma przewodnictwa kryszta\u0142\u00f3w<\/td>\n<td>Synchrotron methods of the conduction band electronic structure analysis<\/td>\n<td>9<\/td>\n<\/tr>\n<tr>\n<td>A. Witkowska<\/td>\n<td>EXAFS &#8211; sonda lokalnej struktury uk\u0142ad\u00f3w nieuporz\u0105dkowanych<\/td>\n<td>EXAFS &#8211; a local structural probe for disordered systems<\/td>\n<td>10<\/td>\n<\/tr>\n<tr>\n<td>M. Gilski<\/td>\n<td>Zdalne sterowanie pomiarami synchrotronowymi<\/td>\n<td>Remote synchrotron data collection<\/td>\n<td>11<\/td>\n<\/tr>\n<tr>\n<td>A. Br\u00f3dka<\/td>\n<td>Badanie nanostruktur w\u0119glowych metod\u0105 wysokoenergetycznej dyfrakcji promieni rentgenowskich<\/td>\n<td>Investigation of carbon nanostructures using the high-energy X-ray diffraction method<\/td>\n<td>12<\/td>\n<\/tr>\n<tr>\n<td>A. Patkowski, J. Gapi\u0144ski, A. Fluerasu, P. Holmqvist, G. Meier, M.P. Lettinga, G. N\u00e4gele<\/td>\n<td>Struktura i dynamika uk\u0142ad\u00f3w koloidalnych &#8211; badania za pomoc\u0105 XPCS<\/td>\n<td>Structure and dynamics of colloidal suspensions studied by means of XPCS<\/td>\n<td>13<\/td>\n<\/tr>\n<tr>\n<td>W. Rypniewski<\/td>\n<td>Zastosowanie promieniowania synchrotronowego w biokrystalografii<\/td>\n<td>Application of synchrotron radiation in biocrystallography<\/td>\n<td>14<\/td>\n<\/tr>\n<tr>\n<td>R. Sobierajski<\/td>\n<td>\u015awiat\u0142o dla nauki: Europejski Rentgenowski Laser na Swobodnych Elektronach<\/td>\n<td>Light for science: European Free Electron X-ray Laser<\/td>\n<td>15<\/td>\n<\/tr>\n<tr>\n<td>B.J. Kowalski<\/td>\n<td>Fotoemisyjne badania uk\u0142ad\u00f3w p\u00f3\u0142przewodnikowych preparowanych in situ<\/td>\n<td>Photoelectron spectroscopy of semiconductor systems prepared in situ<\/td>\n<td>16<\/td>\n<\/tr>\n<tr>\n<td>E.A. G\u00f6rlich<\/td>\n<td>Projekt synchrotronowego \u017ar\u00f3d\u0142a \u015bwiat\u0142a w Polsce<\/td>\n<td>The project of the synchrotron light source in Poland<\/td>\n<td>17<\/td>\n<\/tr>\n<tr align=\"center\">\n<td><\/td>\n<td colspan=\"3\">KSUPS: oral presentations<\/td>\n<\/tr>\n<tr>\n<td>W. Gawelda, V.-T. Pham, A. El Nahhas, C. Milne, R. van der Veen, M. Kaiser, S.L. Johnson, D. Grolimund, R. Abela, C. Bressler, M. Chergui<\/td>\n<td>Badanie reakcji molekularnych za pomoc\u0105 ultraszybkiej rentgenowskiej spektroskopii absorpcyjnej<\/td>\n<td>Probing molecular reactions via ultrafast X-ray absortpion spectroscopy<\/td>\n<td>18<\/td>\n<\/tr>\n<tr>\n<td>J. Stolarski, R. Przenios\u0142o, M. Mazur, M. Brunelli<\/td>\n<td>Struktura krystaliczna biomineralnego szkieletu koralowc\u00f3w scleractinia: badania metod\u0105 dyfrakcji promieniowania synchrotronowego<\/td>\n<td>Crystal structure of biomineral scleractinia coral skeleton: Studies using the method of synchrotron radiation diffraction<\/td>\n<td>19<\/td>\n<\/tr>\n<tr>\n<td>M.T. Klepka, K. Lawniczak-Jablonska, I.N. Demchenko, N. Nedelko, A. Slawska-Waniewska, C.A. Rodrigues, C. Bordini<\/td>\n<td><\/td>\n<td>X-ray absorption spectroscopy investigation of Fe in metal chitosan complex<\/td>\n<td>20<\/td>\n<\/tr>\n<tr>\n<td>W. Szczerba, M. Sikora, M. Borowiec, D.A.Zajac, P. Chometowski, Cz. Kapusta, M.R. Ibarra<\/td>\n<td><\/td>\n<td>A XAFS study of surface oxidised Fe particles<\/td>\n<td>21<\/td>\n<\/tr>\n<tr>\n<td>M. Basiura, B. Goderis, V.B.F. Mathot, J.Sworen, K.B.Wagener<\/td>\n<td>Mezomorficzna faza w precyzyjnie rozga\u0142\u0119zionych polietylenach<\/td>\n<td>Mesomorphic phase in precisely branched polyethylenes<\/td>\n<td>22<\/td>\n<\/tr>\n<tr>\n<td>M.J. Sadowski, R. Mirowski, R. Nietuby\u0107, P. Strzy\u017cewski, S. Tazzari, L. Catani, A. Cianchi, J. Lorkiewicz, R. Russo<\/td>\n<td>Osadzanie nadprzewodz\u0105cych warstw niobu we wn\u0119kach rezonansowych akcelerator\u00f3w cz\u0105stek<\/td>\n<td><a href=\"http:\/\/www.synchrotron.org.pl\/publ\/publ\/biulet\/vo06\/p23-O6-Sadowski.pdf\">Deposition of superconducting niobium films inside rf-cavities of particle accelerators<\/a><\/td>\n<td>23<\/td>\n<\/tr>\n<tr>\n<td>K. Schneider, P. Kwa\u015bniewski, Cz. Kapusta, D. Zaj\u0105c, C.I. Marquina, M.R. Ibarra, A. \u015awierczyna, A. Urbanik<\/td>\n<td>Badania nanocz\u0105stek magnetycznych jako potencjalnych kontrast\u00f3w do MRI<\/td>\n<td>Magnetite-based nanoparticles as contrast agents for MRI<\/td>\n<td>26<\/td>\n<\/tr>\n<tr>\n<td>G. Wrochna<\/td>\n<td><\/td>\n<td>Proposal for Polish free electron laser &#8220;POLFEL&#8221; at the Institute for Nuclear Studies at \u015awierk<\/td>\n<td>27<\/td>\n<\/tr>\n<tr>\n<td>J.B. Pe\u0142ka<\/td>\n<td>Promieniowanie synchrotronowe w naukach biomedycznych &#8211; stan obecny i spojrzenie w przysz\u0142o\u015b\u0107<\/td>\n<td>Synchrotron radiation in biomedical sciences. Present state and a look ahead<\/td>\n<td>28<\/td>\n<\/tr>\n<tr>\n<td>H. Drozdowski<\/td>\n<td>Mechanizm powstawania promieniowania synchrotronowego w pulsarach<\/td>\n<td>The mechanism of generation of synchrotron radiation by pulsars<\/td>\n<td>29<\/td>\n<\/tr>\n<tr align=\"center\">\n<td><\/td>\n<td colspan=\"3\">KSUPS: poster presentations<\/td>\n<\/tr>\n<tr>\n<td>J. B\u0105k-Misiuk, P. Romanowski, E. Dynowska, J.Z. Domaga\u0142a, E. \u0141usakowska, A. Misiuk, J. Sadowski, A. Barcz, W. Caliebe<\/td>\n<td><\/td>\n<td>Effect of annealing on creation of nanoclusters in GaMnAs<\/td>\n<td>30<\/td>\n<\/tr>\n<tr>\n<td>\u0141. Hawe\u0142ek, A. Br\u00f3dka, J.C. Dore, V. Honkimaki, A. Burian<\/td>\n<td>Fullerenopodobna struktura w\u0119gli aktywnych<\/td>\n<td>Fullerene-like structure of active carbons<\/td>\n<td>31<\/td>\n<\/tr>\n<tr>\n<td>J. Darul, W. Nowicki, P. Piszora<\/td>\n<td><\/td>\n<td>Low temperature structural behaviour of the lithium iron spinels<\/td>\n<td>32<\/td>\n<\/tr>\n<tr>\n<td>P. D\u0105browski, Z. Klusek, P. Kowalczyk, A. Busiakiewicz, W. Koz\u0142owski<\/td>\n<td><\/td>\n<td>Investigations of the reduced TiO<sub>2<\/sub>(001) surface by the XPS\/AES\/UPS and STM\/STS techniques<\/td>\n<td>33<\/td>\n<\/tr>\n<tr>\n<td>H. Drozdowski, K. Nowakowski<\/td>\n<td><\/td>\n<td><a href=\"http:\/\/www.synchrotron.org.pl\/publ\/publ\/biulet\/vo06\/p34-P5-Drozdowski.pdf\">X-ray diffraction studies of liquid methylcyclohexane C<sub>6<\/sub>H<sub>11<\/sub>-CH<sub>3<\/sub>\u00a0structure at 293 K<\/a><\/td>\n<td>34<\/td>\n<\/tr>\n<tr>\n<td>E. Dynowska, W. Szuszkiewicz, J.Z. Domaga\u0142a, E. Janik, T. Wojtowicz, W. Caliebe<\/td>\n<td><\/td>\n<td>Structural characterization of MBE-grown ZnTe nanowires<\/td>\n<td>36<\/td>\n<\/tr>\n<tr>\n<td>E. Dynowska, W. Szuszkiewicz, A. Szczepa\u0144ska, P. Romanowski, Ch. Lathe<\/td>\n<td><\/td>\n<td>High-pressure phase transitions in Cd<sub>1-x<\/sub>Mn<sub>x<\/sub>Te mixed crystals<\/td>\n<td>37<\/td>\n<\/tr>\n<tr>\n<td>G. Kowalski, J. Gronkowski, A. Hruban<\/td>\n<td><\/td>\n<td>X-ray high-resolution diffraction study of GaInAs grown by a modified Czochralski method<\/td>\n<td>38<\/td>\n<\/tr>\n<tr>\n<td>M.T. Klepka, K. Lawniczak-Jablonska, I.N. Demchenko, R. Minikayev, M. Jab\u0142o\u0144ski, V. Kontozova, A. Przepiera<\/td>\n<td><\/td>\n<td>XAS study of Mg based phases in ilmenites<\/td>\n<td>39<\/td>\n<\/tr>\n<tr>\n<td>M. Kozak<\/td>\n<td><\/td>\n<td>Structural study of the bicellar phase made of DMPC and cationic surfactant<\/td>\n<td>40<\/td>\n<\/tr>\n<tr>\n<td>I.N. Demchenko, K. Lawniczak-Jablonska, T. Story, V. Osinniy, R. Jakiela, J.Z. Domagala, J. Sadowski, M. Klepka, A. Wolska, M. Chernyshova<\/td>\n<td><\/td>\n<td>High temperature annealing modification of the local atomic structure around Mn atoms in (Ga,Mn)As layers<\/td>\n<td>41<\/td>\n<\/tr>\n<tr>\n<td>M.S. Walczak, K. Lawniczak-Jablonska, A. Sienkiewicz, M. Czuba, M. Klepka, A. Graczyk<\/td>\n<td><\/td>\n<td>Local iron neighbourhood in compounds used in cancer therapy: EXAFS studies<\/td>\n<td>42<\/td>\n<\/tr>\n<tr>\n<td>A. \u0141owi\u0144ska-Kluge, P. Piszora<\/td>\n<td>Przydatno\u015b\u0107 rentgenowskiej dyfrakcji proszkowej w badaniach sk\u0142adnik\u00f3w kompozyt\u00f3w cementowych poddanych dzia\u0142aniu promieniowania gamma<\/td>\n<td>Usefulness of X-ray powder diffraction in studies of components of cement composites irradiated by gamma rays<\/td>\n<td>43<\/td>\n<\/tr>\n<tr>\n<td>L. Domka, A. Malicka<\/td>\n<td><\/td>\n<td>Structural study of polyethylene\/montmorillonite systems<\/td>\n<td>44<\/td>\n<\/tr>\n<tr>\n<td>A. Malicka, L. Domka, P. Gajdus, W. H\u0119dzelek<\/td>\n<td><\/td>\n<td>Modified aramide as reinforcement of acrylic resin<\/td>\n<td>45<\/td>\n<\/tr>\n<tr>\n<td>A. Malinowska, M. Lefeld-Sosnowska, K. Wieteska , W. Wierzchowski, A. Paj\u0105czkowska, W. Graeff<\/td>\n<td><\/td>\n<td>Conventional and synchrotron X-ray topography of defects in the core region of SrLaGaO<sub>4<\/sub><\/td>\n<td>46<\/td>\n<\/tr>\n<tr>\n<td>W. Hedzelek, R. Wachowiak, A. Marcinkowska, L. Domka<\/td>\n<td><\/td>\n<td>Infrared spectroscopic identification of chosen dental materials and natural teeth<\/td>\n<td>47<\/td>\n<\/tr>\n<tr>\n<td>M. Markiewicz, M. Pasenkiewicz-Gierula, P. Serda, T. Librowski, S. Mogilski, H. Marona, S. Hodorowicz<\/td>\n<td><\/td>\n<td>The influence of non-steroidal antiinflammatory drugs on the membrane structure<\/td>\n<td>48<\/td>\n<\/tr>\n<tr>\n<td>J.M. Michalik, M. Sikora, Cz. Kapusta, J.M. De Teresa, O. Mathon<\/td>\n<td><\/td>\n<td>X-MCD in the Cr-Re based double perovskite at high pulsed magnetic fields<\/td>\n<td>49<\/td>\n<\/tr>\n<tr>\n<td>R. Minikayev, W. Paszkowicz, P. Piszora, M. Knapp, C. B\u00e4htz<\/td>\n<td><\/td>\n<td>Thermal expansion of alpha and beta silicon nitrides<\/td>\n<td>50<\/td>\n<\/tr>\n<tr>\n<td>A. Misiuk, J. Bak-Misiuk, W. Wierzchowski, B. Surma, K. Wieteska, I. Capan, W. Graeff, A. Barcz, W. Jung, I.V. Antonova, M. Prujszczyk<\/td>\n<td><\/td>\n<td>Revealing the irradiation-induced defects in Czochralski silicon by high temperature-pressure treatment<\/td>\n<td>51<\/td>\n<\/tr>\n<tr>\n<td>R. Nietuby\u0107, E. Czerwosz, R. Diduszko, M. Koz\u0142owski<\/td>\n<td><\/td>\n<td>XAFS study of the short range order in Ni nanoparticles embedded in carbonaceous matrix<\/td>\n<td>52<\/td>\n<\/tr>\n<tr>\n<td>R. Nietuby\u0107, R. Diduszko, D. Savytskii<\/td>\n<td><\/td>\n<td>XAFS study of doping-induced deviation of oxygen sites from the collinearity with gallium in rare earth gallates<\/td>\n<td>53<\/td>\n<\/tr>\n<tr>\n<td>W. Nowicki, J. Darul, P. Piszora<\/td>\n<td><\/td>\n<td>Effect of small amount of lithium and iron ions doping in the lithium-manganese oxide spinel structure<\/td>\n<td>54<\/td>\n<\/tr>\n<tr>\n<td>B.A. Orlowski, B.J. Kowalski, E. Guziewicz, E. Lusakowska, V. Osinniy, I.A. Kowalik, M.A. Pietrzyk, E. Nossarzewska-Orlowska, A. Bukowski, R.L. Johnson<\/td>\n<td><\/td>\n<td>Gd 4f electrons contribution to Si\/Gd valence band<\/td>\n<td>55<\/td>\n<\/tr>\n<tr>\n<td>B.A. Orlowski, V. Osinniy, P. Dziawa, M. Pietrzyk, B.J. Kowalski, B. Taliashvili, T. Story, R.L. Johnson<\/td>\n<td><\/td>\n<td>Fano resonance investigation of PbTe layers with Eu and Gd ions<\/td>\n<td>56<\/td>\n<\/tr>\n<tr>\n<td>A. Palewicz, R. Przenios\u0142o, I. Sosnowska, A.W. Hewat, I. Margiolaki<\/td>\n<td><\/td>\n<td>Atomic displacements in BiFeO<sub>3<\/sub>\u00a0as a function of temperature<\/td>\n<td>57<\/td>\n<\/tr>\n<tr>\n<td>W. Paszkowicz, R. Minikayev, J. Pi\u0119tosa, C. Lathe, J. Nowak<\/td>\n<td><\/td>\n<td><a href=\"http:\/\/www.synchrotron.org.pl\/publ\/publ\/biulet\/vo06\/p58-P28-Paszkowicz.pdf\">High-pressure study of \u03b1 and \u03b2 polymorphs of germanium nitride<\/a><\/td>\n<td>58<\/td>\n<\/tr>\n<tr>\n<td>W. Paszkowicz, P. Piszora, F. Firszt, H. M\u0119czy\u0144ska, S. \u0141\u0119gowski, M. Knapp, C. Baehtz<\/td>\n<td><\/td>\n<td>Lattice parameters of (Zn,Mg)Se crystals as a function of temperature<\/td>\n<td>60<\/td>\n<\/tr>\n<tr>\n<td>W. Paszkowicz, W. Szuszkiewicz, A. Yamaguchi, C. Lathe, E. Dynowska, J.Z. Domaga\u0142a<\/td>\n<td><\/td>\n<td>High-pressure diffraction study of \u03b1&#8217;-Al<sub>2<\/sub>CO<\/td>\n<td>61<\/td>\n<\/tr>\n<tr>\n<td>M.A. Pietrzyk, B.J. Kowalski, B.A. Orlowski, W. Knoff, V. Osinniy, I.A. Kowalik, T. Story, R.L. Johnson<\/td>\n<td><\/td>\n<td>Mn 3d contribution to the valence band of Mn\/GeMnTe<\/td>\n<td>62<\/td>\n<\/tr>\n<tr>\n<td>M.A. Pietrzyk, B.J. Kowalski, B.A. Orlowski, V. Osinniy, W. Dobrowolski, Z. Golacki, R.L. Johnson<\/td>\n<td><\/td>\n<td>Resonant photoemission study of GeEuTe and GeFeTe<\/td>\n<td>63<\/td>\n<\/tr>\n<tr>\n<td>M.A. Pietrzyk, B.A. Orlowski, B.J. Kowalski, P. Dziawa, V. Osinniy, B. Taliashvili, R.L. Johnson<\/td>\n<td><\/td>\n<td>Valence band of PbGdTe layer under Gd atoms deposition<\/td>\n<td>64<\/td>\n<\/tr>\n<tr>\n<td>P. Piszora, M. Kozak, J. Darul, W. Nowicki, A. Muszy\u0144ski, D. Trots<\/td>\n<td><\/td>\n<td>Synchrotron X-ray powder diffraction studies on the Morasko meteorite<\/td>\n<td>65<\/td>\n<\/tr>\n<tr>\n<td>P. Piszora, W. Nowicki<\/td>\n<td><\/td>\n<td>Influence of iron-ion substitution on the pressure-induced phase transition in LiMn<sub>2-x<\/sub>Fe<sub>x<\/sub>O<sub>4<\/sub><\/td>\n<td>66<\/td>\n<\/tr>\n<tr>\n<td>W.M. Kwiatek, M. Podg\u00f3rczyk, Cz. Paluszkiewicz, A. Balerna, A. Bana\u015b, A. Kisiel, G. Falkenberg<\/td>\n<td><\/td>\n<td>Zn and S XANES analysis of prostate tissues and cells<\/td>\n<td>67<\/td>\n<\/tr>\n<tr>\n<td>P. Romanowski, J. Bak-Misiuk, E. Dynowska, A. Shalimov, S. Kret, P. Dluzewski, A. Misiuk, W. Caliebe, W. Szuszkiewicz<\/td>\n<td><\/td>\n<td>Structure of Si:Mn annealed under ambient and enhanced stress conditions<\/td>\n<td>68<\/td>\n<\/tr>\n<tr>\n<td>M. Rut-Marcinkowska<\/td>\n<td>Analiza wynik\u00f3w bada\u0144 nad przyswajaniem wiedzy o promieniowaniu synchrotronowym w szko\u0142ach ponadpodstawowych<\/td>\n<td>Analysis of assimilation of knowledge on synchrotron radiation in middle schools<\/td>\n<td>69<\/td>\n<\/tr>\n<tr>\n<td>K. Schneider, P. Peczkis, Cz. Kapusta, D. Zajac, P. Pasierb, M. Rekas<\/td>\n<td><\/td>\n<td>XAFS study of protonic solid electrolytes<\/td>\n<td>70<\/td>\n<\/tr>\n<tr>\n<td>K. Schneider, M. Sikora, Cz. Kapusta, K. Michalow, Th. Graule, A. Vital, M. Radecka, M. Rekas, D. Zajac<\/td>\n<td><\/td>\n<td>XAFS study of TiO<sub>2<\/sub>-based photoelectrode materials<\/td>\n<td>71<\/td>\n<\/tr>\n<tr>\n<td>L. Domka, N. Stachowiak, A. Malicka<\/td>\n<td><\/td>\n<td>Production and structural investigation of polyethylene composites with modified kaolin<\/td>\n<td>72<\/td>\n<\/tr>\n<tr>\n<td>P. Starowicz, C. Battaglia, F. Clerc, A. Prodan, L. Despont, H.J.P. van Midden, A. Szytu\u0142a, M.G. Garnier, P. Aebi<\/td>\n<td><\/td>\n<td>Charge density waves and superconductivity in ZrTe<sub>3<\/sub><\/td>\n<td>73<\/td>\n<\/tr>\n<tr>\n<td>K. Szpotkowski, M. Kozak, L. Domka, S. Jurga<\/td>\n<td><\/td>\n<td>SAXS studies of DPPC-cationic surfactant system<\/td>\n<td>74<\/td>\n<\/tr>\n<tr>\n<td>M. Kozak, G. \u015al\u00f3sarek, A. Szyma\u0144ska<\/td>\n<td><\/td>\n<td>The SAXS and rheological studies of HEWL amyloid formation<\/td>\n<td>75<\/td>\n<\/tr>\n<tr>\n<td>D. Wardecki, R. Przenios\u0142o, J. Stolarski, M. Mazur, M. Brunelli<\/td>\n<td><\/td>\n<td>In situ studies of the aragonite-calcite transition in mineral and biogenic materials<\/td>\n<td>76<\/td>\n<\/tr>\n<tr>\n<td>W. Wierzchowski, K. Wieteska, T. Balcer, A. Malinowska, W. Graeff, W. Hofman<\/td>\n<td><\/td>\n<td>Application of back-reflection topographic methods for identification of dislocations in 6H and 4H SiC crystals<\/td>\n<td>77<\/td>\n<\/tr>\n<tr>\n<td>K. Wieteska, W. Wierzchowski, E. Wierzbicka, A. Malinowska, M. Lefeld-Sosnowska, T. \u0141ukasiewicz, W. Graeff<\/td>\n<td><\/td>\n<td>X-ray topographic studies of defect structure in YVO<sub>4<\/sub>\u00a0crystals<\/td>\n<td>78<\/td>\n<\/tr>\n<tr>\n<td>A. Wolska, I.N. Demchenko, K. Lawniczak-Jablonska, M. Klepka, J. Sadowski, E. Holub\u0179Krappe, A. Persson, D. Arvanitis<\/td>\n<td><\/td>\n<td>XANES studies of Mn K and L<sub>3\/2<\/sub>\u00a0edges in the (Ga,Mn)As layers modified by high-temperature annealing<\/td>\n<td>79<\/td>\n<\/tr>\n<tr>\n<td>M. Kozak, S. Wo\u0142oszczuk, M. Banaszak, M. Radosz<\/td>\n<td><\/td>\n<td>Small angle X-ray scattering study of selected diblock copolymers<\/td>\n<td>80<\/td>\n<\/tr>\n<tr>\n<td>D. Zaj\u0105c, D. Chylarecka, Cz. Kapusta, R. Podgajny, B. Sieklucka, A. Rothkirch, A. Webb<\/td>\n<td><\/td>\n<td>A synchrotron study of high dimensional cyano-bridged networks of 3d,4d-5d elements<\/td>\n<td>81<\/td>\n<\/tr>\n<tr>\n<td>D. Klinger, R. Sobierajski, R. Nietuby\u0107, J. Krzywi\u0144ski, J. Pe\u0142ka, M. Jurek, D. \u017bymierska, S. Guizard, H. Merdji<\/td>\n<td><\/td>\n<td>Structural modification of poly(methyl methacrylate) by single femtosecond pulse<\/td>\n<td>82<\/td>\n<\/tr>\n<tr align=\"center\">\n<td><\/td>\n<td colspan=\"3\">regular contributions<\/td>\n<\/tr>\n<tr>\n<td>P. Grochulski<\/td>\n<td><\/td>\n<td><a href=\"http:\/\/www.synchrotron.org.pl\/publ\/publ\/biulet\/vo06\/p83-Grochulski.pdf\">Are the bending magnet beamlines appropriate for protein crystallographers?<\/a><\/td>\n<td>83<\/td>\n<\/tr>\n<tr>\n<td>W. Szuszkiewicz<\/td>\n<td><a href=\"http:\/\/www.synchrotron.org.pl\/publ\/publ\/biulet\/vo06\/p90-Szuszkiewicz.pdf\">Po co fononom synchrotron?<\/a><\/td>\n<td>Studies of phonons with the use of synchrotron radiation: what for?<\/td>\n<td>90<\/td>\n<\/tr>\n<tr>\n<td>M. Gilski<\/td>\n<td><a href=\"http:\/\/www.synchrotron.org.pl\/publ\/publ\/biulet\/vo06\/p95-Gilski.pdf\">Automatyzacja pomiar\u00f3w synchrotronowych<\/a><\/td>\n<td>Automatisation of synchrotron measurements<\/td>\n<td>95<\/td>\n<\/tr>\n<tr>\n<td>J. Pelka<\/td>\n<td><a href=\"http:\/\/www.synchrotron.org.pl\/publ\/publ\/biulet\/vo06\/p99-Pelka.pdf\">Promieniowanie synchrotronowe w biologii i medycynie<\/a><\/td>\n<td>Synchrotron radiation in biology and medicine<\/td>\n<td>99<\/td>\n<\/tr>\n<tr>\n<td>D. Zymierska<\/td>\n<td><a href=\"http:\/\/www.synchrotron.org.pl\/publ\/publ\/biulet\/vo06\/p108-Zzycia.pdf\">Z \u017cycia PTPS<\/a><\/td>\n<td>News from the PSRS<\/td>\n<td>108<\/td>\n<\/tr>\n<tr>\n<td><\/td>\n<td>Jobs at ESRF<\/td>\n<td><\/td>\n<td>109<\/td>\n<\/tr>\n<tr>\n<td>K. Jab\u0142o\u0144ska<\/td>\n<td><a href=\"http:\/\/www.synchrotron.org.pl\/publ\/publ\/biulet\/vo06\/p110-WarsztatyEXAFS.pdf\">Warsztaty Naukowe &#8220;Zastosowanie absorpcji rentgenowskiej do okre\u015blania lokalnej struktury atomowej i elektronowej materia\u0142\u00f3w&#8221;<\/a><\/td>\n<td>Workshop &#8220;Application of X-ray absorption spectroscopy to determination of local atomic and electronic structure of materials<\/td>\n<td>110<\/td>\n<\/tr>\n<tr>\n<td>E.A. G\u00f6rlich, W. Paszkowicz<\/td>\n<td><\/td>\n<td><a href=\"http:\/\/www.synchrotron.org.pl\/publ\/publ\/biulet\/vo06\/p112-konferencje.pdf\">Panel Discussion &#8220;Crystallographic Applications of the Polish Synchrotron&#8221; at the Symposium of the Polish Crystallographic Society, Wroc\u0142aw, 29-30.06. 2007<\/a><\/td>\n<td>112<\/td>\n<\/tr>\n<tr>\n<td><\/td>\n<td><a href=\"http:\/\/www.synchrotron.org.pl\/publ\/publ\/biulet\/vo06\/p112-konferencje.pdf\">European Powder Diffraction Conference, EPDIC-11, 18-22.09. 2008<\/a><\/td>\n<td><\/td>\n<td>113<\/td>\n<\/tr>\n<tr>\n<td>E.A. G\u00f6rlich<\/td>\n<td><\/td>\n<td><a href=\"http:\/\/www.synchrotron.org.pl\/publ\/publ\/biulet\/vo06\/p112-konferencje.pdf\">First Meeting of International Advisory Committee for Polish Synchroron Project, Krak\u00f3w, 13-15.02.2007<\/a><\/td>\n<td>114<\/td>\n<\/tr>\n<tr>\n<td><\/td>\n<td><\/td>\n<td><a href=\"http:\/\/www.synchrotron.org.pl\/publ\/publ\/biulet\/vo06\/p112-konferencje.pdf\">9th International School and Symposium on Synchrotron Radiation in Natural Science (ISSRNS&#8217;2008), Ameli\u00f3wka, 15-20.06. 2008<\/a><\/td>\n<td>115<\/td>\n<\/tr>\n<tr>\n<td><\/td>\n<td><a href=\"http:\/\/www.synchrotron.org.pl\/publ\/publ\/biulet\/vo06\/p117-Autorzy.pdf\">Skorowidz autorow<\/a><\/td>\n<td><\/td>\n<td>117<\/td>\n<\/tr>\n<tr>\n<td><\/td>\n<td><\/td>\n<td><a href=\"http:\/\/www.synchrotron.org.pl\/publ\/publ\/biulet\/vo06\/p118-UsefulAdr.pdf\">Useful webaddresses \/ conferences organised by PSRS Proc<\/a><\/td>\n<td>118<\/td>\n<\/tr>\n<\/tbody>\n<\/table>\n","protected":false},"excerpt":{"rendered":"<p>vol. 6\u00a0ALL IN ONE FILE Bulletin vol. 06 (15 MB) W. Paszkowicz, E.A. G\u00f6rlich Mapa Drogowa umacnia nauk\u0119 europejsk\u0105 The Road Map strengthens the European science I CONTENTS II Synchrotron Light News 1 KSUPS-7 &#8211; 7. Krajowe Sympozjum U\u017cytkownik\u00f3w Promieniowania Synchrotronowego oraz 1 Krajowa Konferencja &#8220;Polski Synchrotron &#8211; linie eksperymentalne&#8221;&hellip;<\/p>\n<p> <a class=\"more-link\" href=\"https:\/\/biuletyn.synchrotron.org.pl\/?page_id=12089\">Read more<\/a><\/p>\n","protected":false},"author":1,"featured_media":0,"parent":0,"menu_order":0,"comment_status":"closed","ping_status":"closed","template":"","meta":[],"_links":{"self":[{"href":"https:\/\/biuletyn.synchrotron.org.pl\/index.php?rest_route=\/wp\/v2\/pages\/12089"}],"collection":[{"href":"https:\/\/biuletyn.synchrotron.org.pl\/index.php?rest_route=\/wp\/v2\/pages"}],"about":[{"href":"https:\/\/biuletyn.synchrotron.org.pl\/index.php?rest_route=\/wp\/v2\/types\/page"}],"author":[{"embeddable":true,"href":"https:\/\/biuletyn.synchrotron.org.pl\/index.php?rest_route=\/wp\/v2\/users\/1"}],"replies":[{"embeddable":true,"href":"https:\/\/biuletyn.synchrotron.org.pl\/index.php?rest_route=%2Fwp%2Fv2%2Fcomments&post=12089"}],"version-history":[{"count":1,"href":"https:\/\/biuletyn.synchrotron.org.pl\/index.php?rest_route=\/wp\/v2\/pages\/12089\/revisions"}],"predecessor-version":[{"id":12091,"href":"https:\/\/biuletyn.synchrotron.org.pl\/index.php?rest_route=\/wp\/v2\/pages\/12089\/revisions\/12091"}],"wp:attachment":[{"href":"https:\/\/biuletyn.synchrotron.org.pl\/index.php?rest_route=%2Fwp%2Fv2%2Fmedia&parent=12089"}],"curies":[{"name":"wp","href":"https:\/\/api.w.org\/{rel}","templated":true}]}}