{"id":12083,"date":"2020-03-30T21:47:48","date_gmt":"2020-03-30T20:47:48","guid":{"rendered":"http:\/\/biuletyn.synchrotron.org.pl\/?page_id=12083"},"modified":"2020-03-30T21:50:09","modified_gmt":"2020-03-30T20:50:09","slug":"volume-8-number-1-2-september-2009","status":"publish","type":"page","link":"https:\/\/biuletyn.synchrotron.org.pl\/?page_id=12083","title":{"rendered":"Volume 8, Number 1-2, September 2009"},"content":{"rendered":"<table cellspacing=\"30\" cellpadding=\"3\" align=\"center\">\n<tbody>\n<tr>\n<td colspan=\"4\">vol. 8\u00a0<a href=\"http:\/\/www.synchrotron.org.pl\/publ\/publ\/biulet\/all_in_one\/Bull_PTPS_vol_08.pdf\">ALL IN ONE FILE Bulletin vol. 08 (19 MB)<\/a><\/td>\n<\/tr>\n<tr>\n<td width=\"30%\"><\/td>\n<td width=\"50%\"><a href=\"http:\/\/www.synchrotron.org.pl\/publ\/publ\/biulet\/vo08\/pI-Editorial.pdf\">Editorial<\/a><\/td>\n<td width=\"10%\"><\/td>\n<td width=\"10%\">I<\/td>\n<\/tr>\n<tr>\n<td colspan=\"3\" align=\"center\"><a href=\"http:\/\/www.synchrotron.org.pl\/publ\/publ\/biulet\/vo08\/pII-Contents.pdf\">CONTENTS<\/a><\/td>\n<td>II<\/td>\n<\/tr>\n<tr>\n<td width=\"30%\"><\/td>\n<td width=\"50%\"><a href=\"http:\/\/www.synchrotron.org.pl\/publ\/publ\/biulet\/vo08\/p01-news.pdf\">Synchrotron Light News<\/a><\/td>\n<td width=\"10%\"><\/td>\n<td width=\"10%\">1<\/td>\n<\/tr>\n<tr align=\"center\">\n<td colspan=\"4\">Regular contributions<\/td>\n<\/tr>\n<tr>\n<td>G. Wrochna, J. Jagielski, J. Krzywi\u0144ski, R. Nietuby\u0107, J. Pe\u0142ka, E. P\u0142awski, J. Sekutowicz, R. Sobierajski, J. Szewi\u0144ski<\/td>\n<td><a href=\"http:\/\/www.synchrotron.org.pl\/publ\/publ\/biulet\/vo08\/p03-Wrochna.pdf\">On the POLFEL free electron laser project<\/a><\/td>\n<td><\/td>\n<td>3<\/td>\n<\/tr>\n<tr>\n<td>W. Kwiatek<\/td>\n<td><a href=\"http:\/\/www.synchrotron.org.pl\/publ\/publ\/biulet\/vo08\/p08-Kwiatek.pdf\">It all started out innocently enough&#8230;<\/a><\/td>\n<td><\/td>\n<td>8<\/td>\n<\/tr>\n<tr>\n<td>M. Stankiewicz<\/td>\n<td><a href=\"http:\/\/www.synchrotron.org.pl\/publ\/publ\/biulet\/vo08\/p15-Stankiewicz.pdf\">My first encounter with synchrotron. 34 years ago<\/a><\/td>\n<td><\/td>\n<td>15<\/td>\n<\/tr>\n<tr align=\"center\">\n<td colspan=\"4\">\n<h3>KSUPS-8<\/h3>\n<p><a href=\"http:\/\/www.synchrotron.org.pl\/publ\/publ\/biulet\/vo08\/p19-KSUPS.pdf\">8. Krajowe Sympozjum U\u017cytkownik\u00f3w Promieniowania Synchrotronowego<\/a><\/p>\n<h3>KSUPS-8 &#8211; 8<sup>th<\/sup>\u00a0National Symposium of Synchrotron Users<\/h3>\n<\/td>\n<\/tr>\n<tr>\n<td><\/td>\n<td><a href=\"http:\/\/www.synchrotron.org.pl\/publ\/publ\/biulet\/vo08\/p20-program.pdf\">Programme of 8<sup>th<\/sup>\u00a0National Symposium of Synchrotron Users<\/a><\/td>\n<td><\/td>\n<td>20<\/td>\n<\/tr>\n<tr>\n<td>A. Burian, J. Szade<\/td>\n<td><a href=\"http:\/\/www.synchrotron.org.pl\/publ\/publ\/biulet\/vo08\/p22-zaproszenie.pdf\">Zaproszenie na 8. Krajowe Sympozjum U\u017cytkownik\u00f3w Promieniowania Synchrotronowego<\/a><\/td>\n<td><\/td>\n<td>22<\/td>\n<\/tr>\n<tr align=\"center\">\n<td colspan=\"4\">KSUPS-8: invited lectures and oral presentations<\/td>\n<\/tr>\n<tr>\n<td>T. Durakiewicz<\/td>\n<td><a href=\"http:\/\/www.synchrotron.org.pl\/publ\/publ\/biulet\/vo08\/p23-Durakiewicz.pdf\">Synchrotron quest for band renormalization in correlated f\u00adelectron systems<\/a><\/td>\n<td>L1<\/td>\n<td>23<\/td>\n<\/tr>\n<tr>\n<td>W.M. Kwiatek, M. Podg\u00f3rczyk, C. Paluszkiewicz, M. Gajda, Z. Stachura, M. Lekka, J. Lekki, M. Piccinini, D. Grolimund<\/td>\n<td><a href=\"http:\/\/www.synchrotron.org.pl\/publ\/publ\/biulet\/vo08\/p24-Kwiatek.pdf\">Novel microscopy methods of medical imaging<\/a><\/td>\n<td>L2<\/td>\n<td>24<\/td>\n<\/tr>\n<tr>\n<td>L. Chow, A. Misiuk, C.W. Pao, D.C. Ling, W.F. Pong, J. Bak-Misiuk<\/td>\n<td><a href=\"http:\/\/www.synchrotron.org.pl\/publ\/publ\/biulet\/vo08\/p25-Chow.pdf\">Synchrotron radiation study of Mn implanted silicon<\/a><\/td>\n<td>O1<\/td>\n<td>25<\/td>\n<\/tr>\n<tr>\n<td>A. Wierzbicka, D. L\u00fcbbert, J.Z. Domaga\u0142a, Z.R. \u017bytkiewicz<\/td>\n<td><a href=\"http:\/\/www.synchrotron.org.pl\/publ\/publ\/biulet\/vo08\/p26-Wierzbicka.pdf\">Rocking curve imaging studies of latelarly overgrown GaAs and GaSb epitaxial layers<\/a><\/td>\n<td>O2\u00a0(ext)<\/td>\n<td>26<\/td>\n<\/tr>\n<tr>\n<td>K. Wieteska, W. Wierzchowski, A. Malinowska, S. Turczy\u0144ski, M. Lefeld Sosnowska, D. Pawlak, T. \u0141ukasiewicz, W. Graeff<\/td>\n<td><a href=\"http:\/\/www.synchrotron.org.pl\/publ\/publ\/biulet\/vo08\/p28-Wieteska.pdf\">X-ray topographic investigations of domain structure in Czochralski grown Pr<sub>x<\/sub>La<sub>1-x<\/sub>AlO<sub>3<\/sub>\u00a0crystals<\/a><\/td>\n<td>O3<\/td>\n<td>28<\/td>\n<\/tr>\n<tr>\n<td>G. Wrochna, J. Jagielski, J. Krzywi\u0144ski, R. Nietuby\u0107, J. Pe\u0142ka, E. P\u0142awski, J. Sekutowicz, R. Sobierajski, J. Szewi\u0144ski<\/td>\n<td><a href=\"http:\/\/www.synchrotron.org.pl\/publ\/publ\/biulet\/vo08\/p29-Wrochna.pdf\">POLFEL &#8211; the high average power free electron laser<\/a><\/td>\n<td>L3<\/td>\n<td>29<\/td>\n<\/tr>\n<tr>\n<td>J.B. Pe\u0142ka, G. Wrochna, R. Nietuby\u0107, K.R. Tybor<\/td>\n<td><a href=\"http:\/\/www.synchrotron.org.pl\/publ\/publ\/biulet\/vo08\/p30-Pelka.pdf\">Applications of free electron lasers in biology and medicine<\/a><\/td>\n<td>O4<\/td>\n<td>30<\/td>\n<\/tr>\n<tr>\n<td>R. Sobierajski, M. Jurek, D. Klinger, A.R. Khorsand, E. Louis, S. Bruijn, R. van de Kruijs, E.D. van Hattum, K. Sokolowski\u00adTinten, U. Shymanovich, S. Toleikis, H. Wabnitz, K. Tiedtke, N. Stojanovic, L. Juha, J. Chalupsky, J. Cihelka, V. Hajkova, E.M. Gullikson, F. Bijkerk<\/td>\n<td><a href=\"http:\/\/www.synchrotron.org.pl\/publ\/publ\/biulet\/vo08\/p31-Sobierajski.pdf\">Interaction of multilayer optics with intense femtosecond XUV pulses<\/a><\/td>\n<td>O5<\/td>\n<td>31<\/td>\n<\/tr>\n<tr>\n<td>P. Zajdel, I. Kruk, P-Y. Hsieh, W. van Beek, M.A. Green<\/td>\n<td><a href=\"http:\/\/www.synchrotron.org.pl\/publ\/publ\/biulet\/vo08\/p32-Zajdel.pdf\">Local and long range orders in transition metal oxides and selenides and metal organic frameworks studied using combined techniques (XRD and\u00a0in-situ\u00a0Raman)<\/a><\/td>\n<td>L4<\/td>\n<td>32<\/td>\n<\/tr>\n<tr>\n<td>M. Sikora<\/td>\n<td><a href=\"http:\/\/www.synchrotron.org.pl\/publ\/publ\/biulet\/vo08\/p33-Sikora.pdf\">Study of magnetism with XMCD and XES<\/a><\/td>\n<td>L5<\/td>\n<td>33<\/td>\n<\/tr>\n<tr>\n<td>K. Lawniczak-Jablonska, A. Wolska, M.T. Klepka, J. Sadowski, A. Barcz, A. Hallen, D. Arvanitis<\/td>\n<td><a href=\"http:\/\/www.synchrotron.org.pl\/publ\/publ\/biulet\/vo08\/p34-Jablonska.pdf\">Charakteryzacja nano-wydziele\u0144 w matrycach na bazie GaSb<\/a><\/td>\n<td>L6\u00a0(ext)<\/td>\n<td>34<\/td>\n<\/tr>\n<tr>\n<td>M. Kozak<\/td>\n<td><a href=\"http:\/\/www.synchrotron.org.pl\/publ\/publ\/biulet\/vo08\/p36-Kozak.pdf\">Small angle scattering of synchrotron radiation studies of biomembranes<\/a><\/td>\n<td>L7<\/td>\n<td>36<\/td>\n<\/tr>\n<tr>\n<td>S. Krzywda, W. Bia\u0142ek, A. Szczepaniak, M. Jask\u00f3lski<\/td>\n<td><a href=\"http:\/\/www.synchrotron.org.pl\/publ\/publ\/biulet\/vo08\/p37-Krzywda.pdf\">Atomic-resolution structure of cyanobactrial cytochrome c6 with an unusual sequence insertion<\/a><\/td>\n<td>L8<\/td>\n<td>37<\/td>\n<\/tr>\n<tr>\n<td>H. Drozdowski, A. Romaniuk, Z. B\u0142aszczak<\/td>\n<td><a href=\"http:\/\/www.synchrotron.org.pl\/publ\/publ\/biulet\/vo08\/p38-Drozdowski.pdf\">Short-range ordering in\u00a0ortho-chloroanisole at 293 K by x-ray diffraction<\/a><\/td>\n<td>O6<\/td>\n<td>38<\/td>\n<\/tr>\n<tr>\n<td>K. Mazur, W. Wierzchowski , K. Wieteska, W. Hofman, K. Ko\u015bciewicz, W. Strupi\u0144ski, W. Graeff<\/td>\n<td><a href=\"http:\/\/www.synchrotron.org.pl\/publ\/publ\/biulet\/vo08\/p39-Mazur.pdf\">X-ray reflectometric investigation of surface roughnes of SiC substrate wafers and its influence on the structural perfection of the deposited SiC epitaxial layers<\/a><\/td>\n<td>O7<\/td>\n<td>39<\/td>\n<\/tr>\n<tr>\n<td>R. Przenios\u0142o<\/td>\n<td><a href=\"http:\/\/www.synchrotron.org.pl\/publ\/publ\/biulet\/vo08\/p40-Przenioslo.pdf\">Badania struktury tlenk\u00f3w metali przej\u015bciowych metod\u0105 dyfrakcji neutron\u00f3w i promieniowania synchrotronowego<\/a><\/td>\n<td>L9<\/td>\n<td>40<\/td>\n<\/tr>\n<tr>\n<td>E.A. G\u00f6rlich, K. Kr\u00f3las, M. M\u0142ynarczyk, M.J. Stankiewicz, i K. Tomala<\/td>\n<td><a href=\"http:\/\/www.synchrotron.org.pl\/publ\/publ\/biulet\/vo08\/p41-Goerlich.pdf\">Informacja na temat rozwi\u0105za\u0144 technicznych i stanu przygotowa\u0144 do budowy synchrotronu w Polsce<\/a><\/td>\n<td><\/td>\n<td>41<\/td>\n<\/tr>\n<tr>\n<td>J. Szade, B. Or\u0142owski, B. Kowalski, E.A. G\u00f6rlich, K. Tomala, P. Starowicz<\/td>\n<td><a href=\"http:\/\/www.synchrotron.org.pl\/publ\/publ\/biulet\/vo08\/p42-Szade.pdf\">Pierwsza linia na polskim synchrotronie &#8211; spektroskopie mi\u0119kkiego promieniowania rentgenowskiego<\/a><\/td>\n<td><\/td>\n<td>42<\/td>\n<\/tr>\n<tr align=\"center\">\n<td colspan=\"4\">KSUPS-8: poster presentations<\/td>\n<\/tr>\n<tr>\n<td>M. Kowalik, R. Zalecki, A. Ko\u0142odziejczyk<\/td>\n<td><a href=\"http:\/\/www.synchrotron.org.pl\/publ\/publ\/biulet\/vo08\/p43-Kowalik.pdf\">Electronic states of collosal magnetoresistive manganites La<sub>0.67<\/sub>Pb<sub>0.33<\/sub>Mn<sub>1-x<\/sub>Fe<sub>x<\/sub>O<sub>3<\/sub>from photoemission spectroscopy<\/a><\/td>\n<td>P1<\/td>\n<td>43<\/td>\n<\/tr>\n<tr>\n<td>A. Malinowska, E. Wierzbicka, M. Lefeld Sosnowska, K. Wieteska, W. Wierzchowski, T. \u0141ukasiewicz, M. \u015awirkowicz, W. Graeff<\/td>\n<td><a href=\"http:\/\/www.synchrotron.org.pl\/publ\/publ\/biulet\/vo08\/p44-Malinowska.pdf\">Defect structure formed at different stages of growth process in erbium, calcium and holmium doped YVO<sub>4<\/sub>\u00a0crystals<\/a><\/td>\n<td>P2<\/td>\n<td>44<\/td>\n<\/tr>\n<tr>\n<td>M. Szczerbowska-Boruchowska, M. Lankosz, A. Smykla, D. Adamek<\/td>\n<td><a href=\"http:\/\/www.synchrotron.org.pl\/publ\/publ\/biulet\/vo08\/p45-Boruchowska.pdf\">Synchrotron radiation as a tool of biochemical analysis in brain cancers<\/a><\/td>\n<td>P3<\/td>\n<td>45<\/td>\n<\/tr>\n<tr>\n<td>J. Wolny, M. Duda, B. Kozakowski<\/td>\n<td><a href=\"http:\/\/www.synchrotron.org.pl\/publ\/publ\/biulet\/vo08\/p46-Wolny.pdf\">Complex structure of Mg<sub>2<\/sub>Al<sub>3<\/sub>\u00a0\u00df and \u00df&#8217; phases<\/a><\/td>\n<td>P4<\/td>\n<td>46<\/td>\n<\/tr>\n<tr>\n<td>E. Dynowska, W. Szuszkiewicz, C. Ziereis, J. Geurts, S. M\u00fcller, C. Ronning, J. Domagala, P. Romanowski, W. Caliebe<\/td>\n<td><a href=\"http:\/\/www.synchrotron.org.pl\/publ\/publ\/biulet\/vo08\/p47-Dynowska.pdf\">Structural studies of heavily transition metal implanted ZnO<\/a><\/td>\n<td>P5<\/td>\n<td>47<\/td>\n<\/tr>\n<tr>\n<td>H. Grigoriew, L. Wiegert, A. Boczkowska<\/td>\n<td><a href=\"http:\/\/www.synchrotron.org.pl\/publ\/publ\/biulet\/vo08\/p48-Grigoriew.pdf\">Dynamic SAXS correlation as method of structural research<\/a><\/td>\n<td>P6<\/td>\n<td>48<\/td>\n<\/tr>\n<tr>\n<td>M.T. Klepka, K. Lawniczak-Jablonska, A. Wolska<\/td>\n<td><a href=\"http:\/\/www.synchrotron.org.pl\/publ\/publ\/biulet\/vo08\/p49-Klepka.pdf\">Badania absorpcyjne zmodyfikowanych chemicznie chitozan\u00f3w z \u017celazem<\/a><\/td>\n<td>P7<\/td>\n<td>49<\/td>\n<\/tr>\n<tr>\n<td>A. Wolska, K. Lawniczak-Jablonska, M.T. Klepka, A. Barcz, A. Hallen, D. Arvanitis<\/td>\n<td><a href=\"http:\/\/www.synchrotron.org.pl\/publ\/publ\/biulet\/vo08\/p50-Wolska.pdf\">Lokalne otoczenie jon\u00f3w manganu implantowanych w kryszta\u0142ach GaSb<\/a><\/td>\n<td>P8\u00a0(ext)<\/td>\n<td>50<\/td>\n<\/tr>\n<tr>\n<td>A. Wolska, K. Lawniczak-Jablonska, M.T. Klepka, J. Sadowski<\/td>\n<td><a href=\"http:\/\/www.synchrotron.org.pl\/publ\/publ\/biulet\/vo08\/p52-Wolska.pdf\">Wytr\u0105cenia MnSb w matrycy GaSb wytwarzane przy pomocy metody MBE<\/a><\/td>\n<td>P8\u00a0(ext)<\/td>\n<td>52<\/td>\n<\/tr>\n<tr>\n<td>J. Bak-Misiuk, P. Romanowski, E. Dynowska, J.Z. Domagala, J. Sadowski,T. Wojciechowski, R. Jakiela, W. Wierzchowski, K. Wieteska, W. Caliebe, W. Graeff<\/td>\n<td><a href=\"http:\/\/www.synchrotron.org.pl\/publ\/publ\/biulet\/vo08\/p54-Misiuk.pdf\">Defect structure of GaMnSb grown on GaAs substrate<\/a><\/td>\n<td>P10<\/td>\n<td>54<\/td>\n<\/tr>\n<tr>\n<td>A. Misiuk, W. Wierzchowski, K. Wieteska, J. Bak Misiuk, B. Surma, A. Wnuk, C.A. Londos, Deren Yang, W. Graeff<\/td>\n<td><a href=\"http:\/\/www.synchrotron.org.pl\/publ\/publ\/biulet\/vo08\/p55-Misiuk.pdf\">Defect structure of Czochralski grown nitrogen doped silicon annealed under enhanced pressure<\/a><\/td>\n<td>P11<\/td>\n<td>55<\/td>\n<\/tr>\n<tr>\n<td>D. Klinger, R. Sobierajski, M. Jurek, J. Krzywinski, J.B. Pelka, D. \u017bymierska, J. Chalupsk\u00fd, L. Juha, V. H\u00e1jkov\u00e1, J. Cihelka, T. Burian, L. Vy\u0161\u00edn, H. Wabnitz, K. Tiedtke, S. Toleikis, T. Tschentscher, R. London, S. Hau\u00adRiege, K. Sokolowski\u00adTinten, N. Stojanovic, J. Hajdu, A.R. Khorsand, A.J. Gleeson<\/td>\n<td><a href=\"http:\/\/www.synchrotron.org.pl\/publ\/publ\/biulet\/vo08\/p56-Klinger.pdf\">Modification of the surface morphology by ultra short pulses of XUV free electron laser<\/a><\/td>\n<td>P12<\/td>\n<td>56<\/td>\n<\/tr>\n<tr>\n<td>P. Kuczera, B. Kozakowski, J. Wolny, R. Strza\u0142ka<\/td>\n<td><a href=\"http:\/\/www.synchrotron.org.pl\/publ\/publ\/biulet\/vo08\/p57-Kuczera.pdf\">Structure refinement of decagonal quasicrystal<\/a><\/td>\n<td>P13<\/td>\n<td>57<\/td>\n<\/tr>\n<tr>\n<td>J. Nowak, R. Cha\u0142as, J. Lekki, A. Kuczumow<\/td>\n<td><a href=\"http:\/\/www.synchrotron.org.pl\/publ\/publ\/biulet\/vo08\/p58-Nowak.pdf\">Microspectrometric study of internal structure of dentin-enamel boundary (DEJ) in molar teeth<\/a><\/td>\n<td>P14<\/td>\n<td>58<\/td>\n<\/tr>\n<tr>\n<td>W. Nowicki, J. Darul, P. Piszora, T. Trots<\/td>\n<td><a href=\"http:\/\/www.synchrotron.org.pl\/publ\/publ\/biulet\/vo08\/p59-Nowicki.pdf\">Structural properties of (Mn<sub>1-x<\/sub>Fe<sub>x<\/sub>)<sub>2<\/sub>O<sub>3<\/sub>\u00a0solid solutions<\/a><\/td>\n<td>P15<\/td>\n<td>59<\/td>\n<\/tr>\n<tr>\n<td>A. Pietnoczka, R. Bacewicz, M. P\u0119ka\u0142a, V. Drozd, W. Zalewski, J. Antonowicz<\/td>\n<td><a href=\"http:\/\/www.synchrotron.org.pl\/publ\/publ\/biulet\/vo08\/p60-Pietnoczka.pdf\">Local structure of Mn in (La<sub>1-x<\/sub>Ho<sub>x<\/sub>)<sub>2\/3<\/sub>Ca<sub>1\/3<\/sub>MnO<sub>3<\/sub>\u00a0using X-ray absorption fine structure<\/a><\/td>\n<td>P16<\/td>\n<td>60<\/td>\n<\/tr>\n<tr>\n<td>P. Piszora, J. Darul, W. Nowicki, C. Lathe<\/td>\n<td><a href=\"http:\/\/www.synchrotron.org.pl\/publ\/publ\/biulet\/vo08\/p61-Piszora.pdf\">Diffraction HP\/HT study of LiMn<sub>2<\/sub>O<sub>4<\/sub><\/a><\/td>\n<td>P17<\/td>\n<td>61<\/td>\n<\/tr>\n<tr>\n<td>P. Romanowski, J. Bak-Misiuk, E. Dynowska, J. Sadowski, T. Wojciechowski, A. Barcz, R. Jakiela, W. Caliebe<\/td>\n<td><a href=\"http:\/\/www.synchrotron.org.pl\/publ\/publ\/biulet\/vo08\/p62-Romanowski.pdf\">Structural properties of high-temperature-grown GaMnSb \/ GaSb<\/a><\/td>\n<td>P18<\/td>\n<td>62<\/td>\n<\/tr>\n<tr>\n<td>P. Seremak-Peczkis, W. Zaj\u0105czkowski, J. Przewo\u017anik, Cz. Kapusta, M. Sikora, D.A. Zaj\u0105c, P. Pasierb, M. Bu\u0107ko, M. R\u0119kas<\/td>\n<td><a href=\"http:\/\/www.synchrotron.org.pl\/publ\/publ\/biulet\/vo08\/p63-Peczkis.pdf\">XAFS study and crystallographic structure of Ti and Y doped BaCeO<sub>3-\u03b4<\/sub>\u00a0protonic conductors<\/a><\/td>\n<td>P19<\/td>\n<td>63<\/td>\n<\/tr>\n<tr>\n<td>J. St\u0119pie\u0144, J. \u015aliwi\u0144ska, J. Przewo\u017anik, K. Schneider, Cz. Kapusta, D. Zajac, K. Micha\u0142\u00f3w, D. Pomykalska, M. Bu\u0107ko, M. R\u0119kas<\/td>\n<td><a href=\"http:\/\/www.synchrotron.org.pl\/publ\/publ\/biulet\/vo08\/p64-Stepien.pdf\">XAFS study of ZrO<sub>2<\/sub>-based SOFC materials<\/a><\/td>\n<td>P20<\/td>\n<td>64<\/td>\n<\/tr>\n<tr>\n<td>T. Balcer, W. Wierzchowski<\/td>\n<td><a href=\"http:\/\/www.synchrotron.org.pl\/publ\/publ\/biulet\/vo08\/p65-Balcer.pdf\">The simulation of Bragg-case section images of dislocations and inclusions in aspect of identification of defects in SiC crystals<\/a><\/td>\n<td>P21<\/td>\n<td>65<\/td>\n<\/tr>\n<tr>\n<td>W. Tabi\u015b, J. Kusz, N.-T.H. Kim-Ngan, Z. Tarnawski, F. Zontone, Z. K\u0105kol, A. Koz\u0142owski, T. Ko\u0142odziej<\/td>\n<td><a href=\"http:\/\/www.synchrotron.org.pl\/publ\/publ\/biulet\/vo08\/p66-Tabis.pdf\">Kinetics of the Verwey transition in magnetite<\/a><\/td>\n<td>P22<\/td>\n<td>66<\/td>\n<\/tr>\n<tr>\n<td>M.S. Walczak, K. Lawniczak-Jablonska, A. Wolska, M. Sikora, A. Sienkiewicz, L. Su\u00e1rez, A. Kosar, M.J. Bellemare, D.S. Bohle<\/td>\n<td><a href=\"http:\/\/www.synchrotron.org.pl\/publ\/publ\/biulet\/vo08\/p67-Walczak.pdf\">Changes of iron state and local iron environment of malarial pigment&#8217;s substitute in presence of chloroquine<\/a><\/td>\n<td>P23<\/td>\n<td>67<\/td>\n<\/tr>\n<tr>\n<td>E. Werner-Malento, R. Minikayev, C. Lathe, H. D\u0105bkowska, W. Paszkowicz<\/td>\n<td><a href=\"http:\/\/www.synchrotron.org.pl\/publ\/publ\/biulet\/vo08\/p68-Malento.pdf\">High-pressure diffraction study of selected synthetic garnets<\/a><\/td>\n<td>P24<\/td>\n<td>68<\/td>\n<\/tr>\n<tr>\n<td>J.B. Pe\u0142ka, R. Sobierajski, M. Jurek, J. Krzywi\u0144ski, D. \u017bymierska, D. Klinger, S. Hau Riege, H. Chapman, R. London, L. Juha, J. Chalupsky, J. Cihelka, U. Jastrow, K. Tiedtke, S. Toleikis, H. Wabnitz, W. Caliebe, K. Sokolowski-Tinten, N. Stojanovic, C. Riekel, R. Davies, M. Burghammer, W. Paszkowicz, A. Wawro<\/td>\n<td><a href=\"http:\/\/www.synchrotron.org.pl\/publ\/publ\/biulet\/vo08\/p69-Pelka.pdf\">Damage of solids induced by single pulses of XUV\u00adFLASH<\/a><\/td>\n<td>P25<\/td>\n<td>69<\/td>\n<\/tr>\n<tr>\n<td>L. Hawelek, A. Brodka, J.C. Dore, V. Honkim\u00e4ki, T.Kyotani, A. Burian<\/td>\n<td><a href=\"http:\/\/www.synchrotron.org.pl\/publ\/publ\/biulet\/vo08\/p70-Havelek.pdf\">Alignment test of N-doped carbon nanotubes using high\u00adenergy X-ray diffraction<\/a><\/td>\n<td>P26<\/td>\n<td>70<\/td>\n<\/tr>\n<tr>\n<td>K. Lawniczak-Jablonska, M. T. Klepka, A. Wolska, S. Filipek, R. Sato<\/td>\n<td><a href=\"http:\/\/www.synchrotron.org.pl\/publ\/publ\/biulet\/vo08\/p71-Jablonska.pdf\">Okre\u015blanie lokalnego otoczenia wok\u00f3\u0142 wybranych atom\u00f3w w nowych wodorkach faz Lavesa<\/a><\/td>\n<td>P27<\/td>\n<td>71<\/td>\n<\/tr>\n<tr>\n<td>R. Minikayev, W. Paszkowicz, E. Werner Malento, C. Lathe, H. D\u0105bkowska<\/td>\n<td><a href=\"http:\/\/www.synchrotron.org.pl\/publ\/publ\/biulet\/vo08\/p72-Minikayev.pdf\">Equation of state of zircon-type TbVO<sub>4<\/sub><\/a><\/td>\n<td>P28<\/td>\n<td>72<\/td>\n<\/tr>\n<tr>\n<td>W. Paszkowicz, A. Wolska, M.T. Klepka, S. abd el All, F.M. Ezz-Eldin<\/td>\n<td><a href=\"http:\/\/www.synchrotron.org.pl\/publ\/publ\/biulet\/vo08\/p73-Paszkowicz.pdf\">A combined X-ray diffraction and absorption study of Li<sub>2<\/sub>Si<sub>2<\/sub>O<sub>5<\/sub>\u00a0doped with vanadium<\/a><\/td>\n<td>P29<\/td>\n<td>73<\/td>\n<\/tr>\n<tr>\n<td>W. Paszkowicz, P. Piszora, W. \u0141asocha, I. Margiolaki, M. Brunelli, A. Fitch<\/td>\n<td><a href=\"http:\/\/www.synchrotron.org.pl\/publ\/publ\/biulet\/vo08\/p74-Paszkowicz.pdf\">Lattice parameter of polycrystalline diamond in the low\u00adtemperature range<\/a><\/td>\n<td>P30<\/td>\n<td>74<\/td>\n<\/tr>\n<tr>\n<td>M.A. Pietrzyk, B.J. Kowalski, B.A. Orlowski, W. Knoff, T. Story, W. Dobrowolski, V.E. Slynko, E.I. Slynko, R.L. Johnson<\/td>\n<td><a href=\"http:\/\/www.synchrotron.org.pl\/publ\/publ\/biulet\/vo08\/p75-Pietrzyk.pdf\">A comparison of the valence band structure of bulk and epitaxial GeTe-based diluted magnetic semiconductors<\/a><\/td>\n<td>P31\u00a0(ext)<\/td>\n<td>75<\/td>\n<\/tr>\n<tr>\n<td>M. Dampc, B. Mielewska, M.R.F. Siggel-King, G.C. King, B. Sivaraman, S. Ptasi\u0144ska, N. Mason, M. Zubek<\/td>\n<td><a href=\"http:\/\/www.synchrotron.org.pl\/publ\/publ\/biulet\/vo08\/p77-Dampc.pdf\">Threshold photoelectron spectra of isoxazole over the photon energy range 9-30 eV<\/a><\/td>\n<td>P32<\/td>\n<td>77<\/td>\n<\/tr>\n<tr>\n<td>P.W. Wachulak, A. Bartnik, C.S. Menoni, J.J. Rocca, H. Fiedorowicz, M.C. Marconi<\/td>\n<td><a href=\"http:\/\/www.synchrotron.org.pl\/publ\/publ\/biulet\/vo08\/p78-Wachulak.pdf\">Nanometer patterning and holographic imaging using table-top EUV laser<\/a><\/td>\n<td>P33<\/td>\n<td>78<\/td>\n<\/tr>\n<tr>\n<td>H. Drozdowski, K. Nowakowski<\/td>\n<td><a href=\"http:\/\/www.synchrotron.org.pl\/publ\/publ\/biulet\/vo08\/p79-Drozdowski.pdf\">The determination of molecular structure of 2-methylcyclohexanone<\/a><\/td>\n<td>P34<\/td>\n<td>79<\/td>\n<\/tr>\n<tr>\n<td>H. Drozdowski, K. Nowakowski<\/td>\n<td><a href=\"http:\/\/www.synchrotron.org.pl\/publ\/publ\/biulet\/vo08\/p80-Drozdowski.pdf\">Study of the structure and of the internal ordering degree in liquid cyclohexylamine C<sub>6<\/sub>H<sub>11<\/sub>-NH<sub>2<\/sub><\/a><\/td>\n<td>P35<\/td>\n<td>80<\/td>\n<\/tr>\n<tr>\n<td>Z. Pietralik, M. Chrab\u0105szczewska, M. Kozak<\/td>\n<td><a href=\"http:\/\/www.synchrotron.org.pl\/publ\/publ\/biulet\/vo08\/p81-Pietralik.pdf\">Interactions of cationic gemini surfactants with DMPC<\/a><\/td>\n<td>P36<\/td>\n<td>81<\/td>\n<\/tr>\n<tr>\n<td>M. Kulik, A.P. Kobzew, A. Misiuk, W. Wierzchowski, K. Wieteska, J. Bak Misiuk, A. Wnuk, B. Surma<\/td>\n<td><a href=\"http:\/\/www.synchrotron.org.pl\/publ\/publ\/biulet\/vo08\/p82-Kulik.pdf\">Composition and structure of Czochralski silicon implanted with H<sup>2+<\/sup>\u00a0and Mn<sup>+<\/sup>\u00a0and annealed under enhanced hydrostatic pressure<\/a><\/td>\n<td>P37<\/td>\n<td>82<\/td>\n<\/tr>\n<tr>\n<td>R. Minikayev, E. Dynowska, P. Dziawa, E. Kami\u0144ska, A. Szczerbakow, D. Trots, W. Szuszkiewicz<\/td>\n<td><a href=\"http:\/\/www.synchrotron.org.pl\/publ\/publ\/biulet\/vo08\/p83-Minikayev.pdf\">High-temperature studies of Pb<sub>1-x<\/sub>Cd<sub>x<\/sub>Te solid solution: structure stability and CdTe solubility limit<\/a><\/td>\n<td>P38\u00a0(ext)<\/td>\n<td>83<\/td>\n<\/tr>\n<tr>\n<td>R. Nietuby\u0107, W. Caliebe, E. Dynowska, K. Nowakowska-Langier, J. Pe\u0142ka, P. Romanowski<\/td>\n<td><a href=\"http:\/\/www.synchrotron.org.pl\/publ\/publ\/biulet\/vo08\/p86-Nietubyc.pdf\">XRD studies of Nb\/sapphire(001) thin films deposited with the ultra-high-vacuum cathodic ARC technique<\/a><\/td>\n<td>P39<\/td>\n<td>86<\/td>\n<\/tr>\n<tr>\n<td>B. Sikora, A. Baranowska-Korczyc, W. Zaleszczyk, A. Nowicka, K. Fronc, W. Knoff, K. Gas, W. Paszkowicz, W. Szuszkiewicz, K. \u015awi\u0105tek, \u0141. K\u0142opotowski, K. Sobczak, P. D\u0142u\u017cewski, G. Karczewski, T. Wojtowicz, I. Fija\u0142kowska, D. Elbaum<\/td>\n<td><a href=\"http:\/\/www.synchrotron.org.pl\/publ\/publ\/biulet\/vo08\/p87-Sikora.pdf\">Colloidal ZnO and ZnO\/MgO core\/shell nanocrystals &#8211; synthesis and properties<\/a><\/td>\n<td>P40<\/td>\n<td>87<\/td>\n<\/tr>\n<tr>\n<td>A. Baranowska-Korczyc, B. Sikora, W. Zaleszczyk, A. Nowicka, K. Fronc, W. Knoff, K. Gas, W. Paszkowicz, R, Minikayev, W. Szuszkiewicz, K. \u015awi\u0105tek, \u0141. K\u0142opotowski, K. Sobczak, P. D\u0142u\u017cewski, G. Karczewski, T. Wojtowicz, J. Bujak, D. Elbaum<\/td>\n<td><a href=\"http:\/\/www.synchrotron.org.pl\/publ\/publ\/biulet\/vo08\/p88-Korczyc.pdf\">ZnO nanofibers prepared by electrospinning-characterization and doping<\/a><\/td>\n<td>P41\u00a0(ext)<\/td>\n<td>88<\/td>\n<\/tr>\n<tr>\n<td>M. Kozak, M. Taube<\/td>\n<td><a href=\"http:\/\/www.synchrotron.org.pl\/publ\/publ\/biulet\/vo08\/p90-Kozak.pdf\">Solution structure of RAR1-GST-TAG fusion protein<\/a><\/td>\n<td>P42<\/td>\n<td>90<\/td>\n<\/tr>\n<tr align=\"center\">\n<td colspan=\"4\">Chronicle<\/td>\n<\/tr>\n<tr>\n<td>K. Jablonska<\/td>\n<td><a href=\"http:\/\/www.synchrotron.org.pl\/publ\/publ\/biulet\/vo08\/p91-Jablonska.pdf\">Membership of Poland in ESRF<\/a><\/td>\n<td><\/td>\n<td>91<\/td>\n<\/tr>\n<tr>\n<td><\/td>\n<td><a href=\"http:\/\/www.synchrotron.org.pl\/publ\/publ\/biulet\/vo08\/p92-ISSRNS_2010.pdf\">Information on ISSRNS 2010<\/a><\/td>\n<td><\/td>\n<td>92<\/td>\n<\/tr>\n<tr>\n<td>M. Lefeld-Sosnowska<\/td>\n<td><a href=\"http:\/\/www.synchrotron.org.pl\/publ\/publ\/biulet\/vo08\/p94-wspomnienie.pdf\">Wspomnienie. Prof. Jerzy Gronkowski (1949 &#8211; 2009)<\/a><\/td>\n<td><\/td>\n<td>94<\/td>\n<\/tr>\n<tr>\n<td>D. Zymierska<\/td>\n<td><a href=\"http:\/\/www.synchrotron.org.pl\/publ\/publ\/biulet\/vo08\/p96-PTPS.pdf\">Z \u017cycia PTPS<\/a><\/td>\n<td><\/td>\n<td>96<\/td>\n<\/tr>\n<tr>\n<td>G. Margaritondo, F.C. Adams, O. Dutuit, A.E. Russell<\/td>\n<td><a href=\"http:\/\/www.synchrotron.org.pl\/publ\/publ\/biulet\/vo08\/p99-Access.pdf\">The future of European transnational access for synchrotrons and FELs<\/a><\/td>\n<td><\/td>\n<td>99<\/td>\n<\/tr>\n<tr>\n<td>U. Pietsch, M.A. Carrondo, K. H\u00e4m\u00e4l\u00e4inen, K. Lawniczak-Jablonska<\/td>\n<td><a href=\"http:\/\/www.synchrotron.org.pl\/publ\/publ\/biulet\/vo08\/p100-Manifesto.pdf\">Manifesto: European Synchrotron User Organisation (ESUO)<\/a><\/td>\n<td><\/td>\n<td>100<\/td>\n<\/tr>\n<tr>\n<td><\/td>\n<td><a href=\"http:\/\/www.synchrotron.org.pl\/publ\/publ\/biulet\/vo08\/p101-Index.pdf\">Authors&#8217; index<\/a><\/td>\n<td><\/td>\n<td>101<\/td>\n<\/tr>\n<tr>\n<td><\/td>\n<td><a href=\"http:\/\/www.synchrotron.org.pl\/publ\/publ\/biulet\/vo08\/B1-PTPS.pdf\">Polskie Towarzystwo Promieniowania Synchrotronowego<\/a><\/td>\n<\/tr>\n<\/tbody>\n<\/table>\n","protected":false},"excerpt":{"rendered":"<p>vol. 8\u00a0ALL IN ONE FILE Bulletin vol. 08 (19 MB) Editorial I CONTENTS II Synchrotron Light News 1 Regular contributions G. Wrochna, J. Jagielski, J. Krzywi\u0144ski, R. Nietuby\u0107, J. Pe\u0142ka, E. P\u0142awski, J. Sekutowicz, R. Sobierajski, J. Szewi\u0144ski On the POLFEL free electron laser project 3 W. Kwiatek It all&hellip;<\/p>\n<p> <a class=\"more-link\" href=\"https:\/\/biuletyn.synchrotron.org.pl\/?page_id=12083\">Read more<\/a><\/p>\n","protected":false},"author":1,"featured_media":0,"parent":0,"menu_order":0,"comment_status":"closed","ping_status":"closed","template":"","meta":[],"_links":{"self":[{"href":"https:\/\/biuletyn.synchrotron.org.pl\/index.php?rest_route=\/wp\/v2\/pages\/12083"}],"collection":[{"href":"https:\/\/biuletyn.synchrotron.org.pl\/index.php?rest_route=\/wp\/v2\/pages"}],"about":[{"href":"https:\/\/biuletyn.synchrotron.org.pl\/index.php?rest_route=\/wp\/v2\/types\/page"}],"author":[{"embeddable":true,"href":"https:\/\/biuletyn.synchrotron.org.pl\/index.php?rest_route=\/wp\/v2\/users\/1"}],"replies":[{"embeddable":true,"href":"https:\/\/biuletyn.synchrotron.org.pl\/index.php?rest_route=%2Fwp%2Fv2%2Fcomments&post=12083"}],"version-history":[{"count":1,"href":"https:\/\/biuletyn.synchrotron.org.pl\/index.php?rest_route=\/wp\/v2\/pages\/12083\/revisions"}],"predecessor-version":[{"id":12084,"href":"https:\/\/biuletyn.synchrotron.org.pl\/index.php?rest_route=\/wp\/v2\/pages\/12083\/revisions\/12084"}],"wp:attachment":[{"href":"https:\/\/biuletyn.synchrotron.org.pl\/index.php?rest_route=%2Fwp%2Fv2%2Fmedia&parent=12083"}],"curies":[{"name":"wp","href":"https:\/\/api.w.org\/{rel}","templated":true}]}}