{"id":12051,"date":"2020-03-30T21:19:50","date_gmt":"2020-03-30T20:19:50","guid":{"rendered":"http:\/\/biuletyn.synchrotron.org.pl\/?page_id=12051"},"modified":"2020-03-30T21:19:50","modified_gmt":"2020-03-30T20:19:50","slug":"volume-14-number-1-2-september-2015%e2%80%8b","status":"publish","type":"page","link":"https:\/\/biuletyn.synchrotron.org.pl\/?page_id=12051","title":{"rendered":"Volume 14, Number 1-2, September 2015\u200b"},"content":{"rendered":"<p style=\"font-weight: 400;\">Bull_PTPS_vol_14<\/p>\n<p style=\"font-weight: 400;\">\n<table style=\"font-weight: 400;\">\n<tbody>\n<tr>\n<td width=\"196\"><strong>\u00a0<\/strong><\/td>\n<td width=\"321\"><strong>\u00a0<\/strong><\/td>\n<td width=\"57\">&nbsp;<\/td>\n<td width=\"81\"><strong>CONTENTS<\/strong><\/td>\n<\/tr>\n<tr>\n<td width=\"196\"><strong>\u00a0<\/strong><\/td>\n<td width=\"321\"><a href=\"http:\/\/www.synchrotron.org.pl\/publ\/biulet\/vol014\/005-006.pdf\"><strong>XI<sup>th<\/sup>\u00a0KSUPS \u2014 information<\/strong><\/a><\/td>\n<td width=\"57\">&nbsp;<\/td>\n<td width=\"81\"><strong>V<\/strong><\/td>\n<\/tr>\n<tr>\n<td width=\"196\"><strong>\u00a0<\/strong><\/td>\n<td width=\"321\"><a href=\"http:\/\/www.synchrotron.org.pl\/publ\/biulet\/vol014\/007.pdf\">News from SOLARIS \u2013 the first Polish Synchrotron<\/a><\/td>\n<td width=\"57\">&nbsp;<\/td>\n<td width=\"81\"><strong>VII<\/strong><\/td>\n<\/tr>\n<tr>\n<td width=\"196\"><strong>\u00a0<\/strong><\/td>\n<td width=\"321\"><a href=\"http:\/\/www.synchrotron.org.pl\/publ\/biulet\/vol014\/008-009.pdf\">PROGRAMME<\/a><\/td>\n<td width=\"57\">&nbsp;<\/td>\n<td width=\"81\"><strong>VIII<\/strong><\/td>\n<\/tr>\n<tr>\n<td width=\"196\"><strong>\u00a0<\/strong><\/td>\n<td width=\"321\"><a href=\"http:\/\/www.synchrotron.org.pl\/publ\/biulet\/vol014\/010.pdf\"><strong>Welcome to the 11<sup>th<\/sup>\u00a0KSUPS<\/strong><\/a><\/td>\n<td width=\"57\">&nbsp;<\/td>\n<td width=\"81\"><strong>X<\/strong><\/td>\n<\/tr>\n<tr>\n<td width=\"196\">J. Szlachetko<\/p>\n<p>&nbsp;<\/td>\n<td width=\"321\"><a href=\"http:\/\/www.synchrotron.org.pl\/publ\/biulet\/vol014\/011-013.pdf\">Electronic structure of matter probed under\u00a0<em>in-situ<\/em>\u00a0conditions by means of X-ray spectroscopy techniques<\/a><\/td>\n<td width=\"57\">L-01<\/td>\n<td width=\"81\"><strong>1<\/strong><\/td>\n<\/tr>\n<tr>\n<td width=\"196\">T. Tyliszczak<\/td>\n<td width=\"321\"><a href=\"http:\/\/www.synchrotron.org.pl\/publ\/biulet\/vol014\/014.pdf\">Soft X-ray Absorption Spectroscopy \u2013 Chemical Analysis on nanoscale<\/a><\/td>\n<td width=\"57\">L-02<\/td>\n<td width=\"81\"><strong>4<\/strong><\/td>\n<\/tr>\n<tr>\n<td width=\"196\">I.N. Demchenko<\/td>\n<td width=\"321\"><a href=\"http:\/\/www.synchrotron.org.pl\/publ\/biulet\/vol014\/015-017.pdf\">Elemental and orbital-selective characterization of semiconductor materials by X-ray spectroscopy &#8211; XAS, RIXS and XPS<\/a><\/td>\n<td width=\"57\">L-03<\/td>\n<td width=\"81\"><strong>5<\/strong><\/td>\n<\/tr>\n<tr>\n<td width=\"196\">A. Burian, R. Babilas, A. Fitch,<br \/>\nL. Temleitner<\/td>\n<td width=\"321\"><a href=\"http:\/\/www.synchrotron.org.pl\/publ\/biulet\/vol014\/018.pdf\">Wide-angle X-ray scattering and Reverse Monte Carlo studies of Fe<sub>80<\/sub>B<sub>20<\/sub>, Co<sub>80<\/sub>B<sub>20<\/sub>,\u00a0 Mg<sub>60<\/sub>Cu<sub>30<\/sub>Y<sub>10<\/sub>\u00a0metallic glasses<\/a><\/td>\n<td width=\"57\">L-04<\/td>\n<td width=\"81\"><strong>8<\/strong><\/td>\n<\/tr>\n<tr>\n<td width=\"196\">L. Vasylechko, O. Pekinchak,<br \/>\nO. Pavlovska, R. Stepchuk, Yu.\u00a0Prots,<br \/>\nD. Chernyshov<\/td>\n<td width=\"321\"><a href=\"http:\/\/www.synchrotron.org.pl\/publ\/biulet\/vol014\/019.pdf\">Structural, electronic and magnetic phase transitions in complex oxide perovskites probed by X-ray synchrotron powder diffraction<\/a><\/td>\n<td width=\"57\">L-05<\/td>\n<td width=\"81\"><strong>9<\/strong><\/td>\n<\/tr>\n<tr>\n<td width=\"196\">Cz. \u015alusarczyk<\/td>\n<td width=\"321\"><a href=\"http:\/\/www.synchrotron.org.pl\/publ\/biulet\/vol014\/020-022.pdf\">Badanie w czasie rzeczywistym procesu krystalizacji polietylenu przy zastosowaniu rozpraszania promieniowania synchrotronowego pod ma\u0142ymi k\u0105tami<\/a><\/td>\n<td width=\"57\">L-06<\/td>\n<td width=\"81\"><strong>10<\/strong><\/td>\n<\/tr>\n<tr>\n<td width=\"196\">A. Drzewiecka-Antonik, M.T. Klepka,<br \/>\nA. Wolska, P. Rejmak<\/td>\n<td width=\"321\"><a href=\"http:\/\/www.synchrotron.org.pl\/publ\/biulet\/vol014\/023.pdf\">Structural studies of metal-organic ligand complexes using X-ray absorption spectroscopy<\/a><\/td>\n<td width=\"57\">L-07<\/td>\n<td width=\"81\"><strong>13<\/strong><\/td>\n<\/tr>\n<tr>\n<td width=\"196\">J. Cebulski, E Sheregii, J. Polit ,<br \/>\nA. Kisiel, A. Marcelli, B.V. Robouch,<br \/>\nM. Piccinini<\/td>\n<td width=\"321\"><a href=\"http:\/\/www.synchrotron.org.pl\/publ\/biulet\/vol014\/024.pdf\">Study of phonon spectra of (Cd,Hg)Te-based semiconductor solid solutions using synchrotron radiation<\/a><\/td>\n<td width=\"57\">L-08<\/td>\n<td width=\"81\"><strong>14<\/strong><\/td>\n<\/tr>\n<tr>\n<td width=\"196\">W. Gawelda<\/td>\n<td width=\"321\"><a href=\"http:\/\/www.synchrotron.org.pl\/publ\/biulet\/vol014\/025.pdf\">Status and science program of the European XFEL<\/a><\/td>\n<td width=\"57\">L-09<\/td>\n<td width=\"81\"><strong>15<\/strong><\/td>\n<\/tr>\n<tr>\n<td width=\"196\">R. Sobierajski<\/td>\n<td width=\"321\"><a href=\"http:\/\/www.synchrotron.org.pl\/publ\/biulet\/vol014\/026.pdf\">Phase transitions in solids under irradiations with x-ray free electrons lasers \u2013 characteristic time scales<\/a><\/td>\n<td width=\"57\">L-10<\/td>\n<td width=\"81\"><strong>16<\/strong><\/td>\n<\/tr>\n<tr>\n<td width=\"196\">M. Wa\u015bniowska, M. Sikora,<br \/>\nM. Dobrza\u0144ski, I. Miotkowski, T. Eelbo,<br \/>\nZ. K\u0105kol, A. Koz\u0142owski<\/td>\n<td width=\"321\"><a href=\"http:\/\/www.synchrotron.org.pl\/publ\/biulet\/vol014\/027.pdf\">Magnetic impurities in the bulk and on the surface of 3D topological insulators probed using soft X-ray spectroscopy<\/a><\/td>\n<td width=\"57\">L-11<\/td>\n<td width=\"81\"><strong>17<\/strong><\/td>\n<\/tr>\n<tr>\n<td width=\"196\">M. Kr\u0119glewski<\/td>\n<td width=\"321\"><a href=\"http:\/\/www.synchrotron.org.pl\/publ\/biulet\/vol014\/028.pdf\">High Resolution Molecular Spectroscopy using synchrotron light source<\/a><\/td>\n<td width=\"57\">L-12<\/td>\n<td width=\"81\"><strong>18<\/strong><\/td>\n<\/tr>\n<tr>\n<td width=\"196\">J. J. Kolodziej, K. Szamota-Leandersson<\/td>\n<td width=\"321\"><a href=\"http:\/\/www.synchrotron.org.pl\/publ\/biulet\/vol014\/029.pdf\">UARPES -Angle Resolved Photoelectron Spectroscopy beamline at National Synchrotron Radiation Centre SOLARIS<\/a><\/td>\n<td width=\"57\">L-13<\/td>\n<td width=\"81\"><strong>19<\/strong><\/td>\n<\/tr>\n<tr>\n<td width=\"196\">P. Starowicz, R. Kurleto, J. Goraus,<br \/>\nH. Schwab, M.\u00a0Szlawska, F. Forster,<br \/>\nA. Szytu\u0142a, I. Vobornik, D.\u00a0Kaczorowski, F. Reinert<\/td>\n<td width=\"321\"><a href=\"http:\/\/www.synchrotron.org.pl\/publ\/biulet\/vol014\/030.pdf\">Momentum dependence of a Kondo Resonance<br \/>\nin Ce<sub>2<\/sub>Co<sub>0.8<\/sub>Si<sub>3.2<\/sub><\/a><\/td>\n<td width=\"57\">O-01<\/td>\n<td width=\"81\"><strong>20<\/strong><\/td>\n<\/tr>\n<tr>\n<td width=\"196\">Y.\u00a0Melikhov, J.\u00a0Sadowski, P.\u00a0Konstantynov, M.\u00a0Chernyshova, J.\u00a0Domagala, T.\u00a0Wojciechowski,<br \/>\nI. N.\u00a0Demchenko<\/td>\n<td width=\"321\"><a href=\"http:\/\/www.synchrotron.org.pl\/publ\/biulet\/vol014\/031.pdf\">Structural evolution of (Ga,Mn)As thin film during medium temperature post growth annealing manifested by XAS<\/a><\/td>\n<td width=\"57\">O-02<\/td>\n<td width=\"81\"><strong>21<\/strong><\/td>\n<\/tr>\n<tr>\n<td width=\"196\">M. P\u0142awecki<\/td>\n<td width=\"321\"><a href=\"http:\/\/www.synchrotron.org.pl\/publ\/biulet\/vol014\/032.pdf\">Fabrication and characterization of multilayer solar cells<\/a><\/td>\n<td width=\"57\">O-03<\/td>\n<td width=\"81\"><strong>22<\/strong><\/td>\n<\/tr>\n<tr>\n<td width=\"196\">J. Kubacki, D. Kajewski, A. Koehl,<br \/>\nCh.\u00a0Lenser,R. Ditmann, J. Szade<\/td>\n<td width=\"321\"><a href=\"http:\/\/www.synchrotron.org.pl\/publ\/biulet\/vol014\/033.pdf\">Application of x-ray absorption and resonant photoemission spectroscopy to study electronic states of iron through 3p-3d transition for SrTiO<sub>3<\/sub>:Fe epitaxial film<\/a><\/td>\n<td width=\"57\">O-04<\/td>\n<td width=\"81\"><strong>23<\/strong><\/td>\n<\/tr>\n<tr>\n<td width=\"196\">H. Fiedorowicz, A. Bartnik,<br \/>\nP. W. Wachulak, R. Jarocki, J. Kostecki, M. Szczurek, D. Adjei, I. U. Ahad,<br \/>\nM. G. Ayele, T. Fok, A. Szczurek,<br \/>\nA. Torrisi, \u0141. W\u0119grzy\u0144ski<\/td>\n<td width=\"321\"><a href=\"http:\/\/www.synchrotron.org.pl\/publ\/biulet\/vol014\/034-036.pdf\">Laboratory sources of soft X-rays and extreme ultraviolet (EUV) based on laser plasmas produced with a gas puff target<\/a><\/td>\n<td width=\"57\">O-05<\/td>\n<td width=\"81\"><strong>24<\/strong><\/td>\n<\/tr>\n<tr>\n<td width=\"196\">D. Paliwoda, M. Hanfland<\/td>\n<td width=\"321\"><a href=\"http:\/\/www.synchrotron.org.pl\/publ\/biulet\/vol014\/037.pdf\">Single-crystal X-ray diffraction at extreme conditions<\/a><\/td>\n<td width=\"57\">O-06<\/td>\n<td width=\"81\"><strong>27<\/strong><\/td>\n<\/tr>\n<tr>\n<td width=\"196\">J. B. Pe\u0142ka<\/td>\n<td width=\"321\"><a href=\"http:\/\/www.synchrotron.org.pl\/publ\/biulet\/vol014\/038.pdf\">High-brilliance X-ray sources: a bright future for life science studies<\/a><\/td>\n<td width=\"57\">O-07<\/td>\n<td width=\"81\"><strong>28<\/strong><\/td>\n<\/tr>\n<tr>\n<td width=\"196\">M. Kozak, Z. Pietralik, M, Taube<\/td>\n<td width=\"321\"><a href=\"http:\/\/www.synchrotron.org.pl\/publ\/biulet\/vol014\/038-039.pdf\">SAXS studies of selected flexible proteins or proteins of modular structure<\/a><\/td>\n<td width=\"57\">O-08<\/td>\n<td width=\"81\"><strong>28<\/strong><\/td>\n<\/tr>\n<tr>\n<td width=\"196\">M. Taube, A. Jarmo\u0142owski, M. Kozak<\/td>\n<td width=\"321\"><a href=\"http:\/\/www.synchrotron.org.pl\/publ\/biulet\/vol014\/040.pdf\">Solution structure of the plant HSP90-SGT1 complex<br \/>\nwith ADP<\/a><\/td>\n<td width=\"57\">O-09<\/td>\n<td width=\"81\"><strong>30<\/strong><\/td>\n<\/tr>\n<tr>\n<td width=\"196\">W. Gospodarczyk*, M. Kozak<\/td>\n<td width=\"321\"><a href=\"http:\/\/www.synchrotron.org.pl\/publ\/biulet\/vol014\/041.pdf\">Influence of microfluidic flow on amyloid aggregation of hen egg white lysozyme<\/a><\/td>\n<td width=\"57\">O-10<\/td>\n<td width=\"81\"><strong>31<\/strong><\/td>\n<\/tr>\n<tr>\n<td width=\"196\">R. Mroczka, A. Syku\u0142a, E. A. Stefaniak<\/td>\n<td width=\"321\"><a href=\"http:\/\/www.synchrotron.org.pl\/publ\/biulet\/vol014\/042.pdf\">Micro-X-Ray fluorescence spectrometer with X-ray single bounce metallic capillary optics for light element analysis<\/a><\/td>\n<td width=\"57\">O-11<\/td>\n<td width=\"81\"><strong>32<\/strong><\/td>\n<\/tr>\n<tr>\n<td width=\"196\">P. Goryl, C. J. Bocchetta, \u0141. Dudek,<br \/>\nP. Ga\u0142uszka, W. Kitka, P. Kurdziel,<br \/>\nM. Ostoja-Gajewski, R. R\u00f3\u017ca\u0144ska,<br \/>\nM. J. Stankiewicz,<br \/>\nK. Szamota-Leandersson, J. Szota,<br \/>\nT. Szepieniec, T. Szymocha,<br \/>\nA. I. Wawrzyniak, K. Wawrzyniak,<br \/>\nM. Zaj\u0105c, \u0141. \u017bytniak<\/td>\n<td width=\"321\"><a href=\"http:\/\/www.synchrotron.org.pl\/publ\/biulet\/vol014\/043.pdf\">Solaris control and IT systems towards beamline users<\/a><\/td>\n<td width=\"57\">O-12<\/td>\n<td width=\"81\"><strong>33<\/strong><\/td>\n<\/tr>\n<tr>\n<td width=\"196\">A. Thissen, S. Bahr, T. Kampen,<br \/>\nO. Schaff<\/p>\n<p>&nbsp;<\/td>\n<td width=\"321\"><a href=\"http:\/\/www.synchrotron.org.pl\/publ\/biulet\/vol014\/043.pdf\">New developments in small spot and imaging Near Ambient Pressure XPS<\/a><\/td>\n<td width=\"57\">S-01<\/td>\n<td width=\"81\"><strong>33<\/strong><\/td>\n<\/tr>\n<tr>\n<td width=\"196\">B. A. Orlowski, E. Guziewicz,<br \/>\nB. J. Kowalski, A. Reszka<\/p>\n<p>&nbsp;<\/td>\n<td width=\"321\"><a href=\"http:\/\/www.synchrotron.org.pl\/publ\/biulet\/vol014\/044.pdf\">Synchrotron radiation photoemission study of doped semiconductors valence band<\/a><\/td>\n<td width=\"57\">P-01<\/td>\n<td width=\"81\"><strong>34<\/strong><\/td>\n<\/tr>\n<tr>\n<td width=\"196\">R. Minikayev , E. Dynowska,<br \/>\nA. Szczerbakow, A. M. T. Bell ,<br \/>\nW. Szuszkiewicz<\/td>\n<td width=\"321\"><a href=\"http:\/\/www.synchrotron.org.pl\/publ\/biulet\/vol014\/044-045.pdf\">The limit of CdTe solubility in PbTe and the phase diagram of (Pb,Cd)Te solid solution<\/a><\/td>\n<td width=\"57\">P-02<\/td>\n<td width=\"81\"><strong>34<\/strong><\/td>\n<\/tr>\n<tr>\n<td width=\"196\">R. Rapacz, K. Balin, M. Wojtyniak,<br \/>\nJ. Szade<\/td>\n<td width=\"321\"><a href=\"http:\/\/www.synchrotron.org.pl\/publ\/biulet\/vol014\/046.pdf\">Atomic and electronic struture of Bi-Te films grown at various conditions by MBE method<\/a><\/td>\n<td width=\"57\">P-03<\/td>\n<td width=\"81\"><strong>36<\/strong><\/td>\n<\/tr>\n<tr>\n<td width=\"196\">W. Paszkowicz, J. L\u00f3pez-Solano,<br \/>\nP. Piszora, B. Bojanowski, A. Mujica,<br \/>\nA. Mu\u00f1oz, Y. Cerenius,<br \/>\nS. Carlson, H. D\u0105bkowska<\/td>\n<td width=\"321\"><a href=\"http:\/\/www.synchrotron.org.pl\/publ\/biulet\/vol014\/047.pdf\">Compressibility and electronic structure variation with pressure for EuVO4: A combined experimental and computational study<\/a><\/td>\n<td width=\"57\">P-04<\/td>\n<td width=\"81\"><strong>37<\/strong><\/td>\n<\/tr>\n<tr>\n<td width=\"196\">P. Solarz<\/td>\n<td width=\"321\"><a href=\"http:\/\/www.synchrotron.org.pl\/publ\/biulet\/vol014\/047-048.pdf\">Energy transfer processes to Eu<sup>3+<\/sup>\u00a0ions in K<sub>5<\/sub>Li<sub>2<\/sub>GdF<sub>10\u00a0<\/sub>doped with Eu<sup>3+<\/sup>, Pr<sup>3+<\/sup>, Tb<sup>3+<\/sup>\u00a0and Dy<sup>3+<\/sup>\u00a0upon VUV excitation<\/a><\/td>\n<td width=\"57\">P-05<\/td>\n<td width=\"81\"><strong>37<\/strong><\/td>\n<\/tr>\n<tr>\n<td width=\"196\">A. Bajorek, G. Che\u0142kowska<\/td>\n<td width=\"321\"><a href=\"http:\/\/www.synchrotron.org.pl\/publ\/biulet\/vol014\/049-051.pdf\">Electronic structure of selected ternary samarium compounds<\/a><\/td>\n<td width=\"57\">P-06<\/td>\n<td width=\"81\"><strong>39<\/strong><\/td>\n<\/tr>\n<tr>\n<td width=\"196\">A.\u00a0Wolska, M. T. Klepka, I.\u00a0Sveklo, A.\u00a0Wawro, A.\u00a0Bartnik, P.\u00a0Mazalski, R.\u00a0Sobierajski, J.\u00a0Fassbender, A.\u00a0Maziewski<\/td>\n<td width=\"321\"><a href=\"http:\/\/www.synchrotron.org.pl\/publ\/biulet\/vol014\/052.pdf\">Local structure around Co atoms in the ion and light irradiated magnetic trilayers<\/a><\/td>\n<td width=\"57\">P-07<\/td>\n<td width=\"81\"><strong>42<\/strong><\/td>\n<\/tr>\n<tr>\n<td width=\"196\">D. Klinger, I. Jacyna, J. B. Pe\u0142ka, A.\u00a0Reszka, E. \u0141usakowska, A. Wawro,<br \/>\nM. Jakubowski, A. Bartnik, R. Sobierajski<\/td>\n<td width=\"321\"><a href=\"http:\/\/www.synchrotron.org.pl\/publ\/biulet\/vol014\/053.pdf\">Morphological and structural modifications induced in ultrathin metallic films by nanosecond pulses from EUV laser-plasma source.<\/a><\/td>\n<td width=\"57\">P-08<\/td>\n<td width=\"81\"><strong>43<\/strong><\/td>\n<\/tr>\n<tr>\n<td width=\"196\">I. Jacyna, D. Klinger, J. B. Pe\u0142ka,<br \/>\nR. Sobierajski, P. D\u0142uzewski,<br \/>\nM. T. Klepka, E.\u00a0Dynowska, A. Wawro,<br \/>\nA. Wolska, M. Jakubowski, A. Bartnik,<br \/>\nI. Sveklo, Z. Kurant, D.Eichert,<br \/>\nI. Makhotkin, S. Yakunin, A.\u00a0Maziewski<\/td>\n<td width=\"321\"><a href=\"http:\/\/www.synchrotron.org.pl\/publ\/biulet\/vol014\/054.pdf\">Investigation of morphological and structural changes in ultrathin Pt\/Co\/Pt\u00a0 trilayers induced by nanosecond pulses from EUV plasma source<\/a><\/td>\n<td width=\"57\">P-09<\/td>\n<td width=\"81\"><strong>44<\/strong><\/td>\n<\/tr>\n<tr>\n<td width=\"196\">E. Dynowska, A. Marynowska,<br \/>\nL. T. Baczewski, J. Fassbender,<br \/>\nR. B\u00f6ttger<\/td>\n<td width=\"321\"><a href=\"http:\/\/www.synchrotron.org.pl\/publ\/biulet\/vol014\/055.pdf\">Structural properties of Fe\/Pt multilayers before and after ion beam irradiation<\/a><\/td>\n<td width=\"57\">P-10<\/td>\n<td width=\"81\"><strong>45<\/strong><\/td>\n<\/tr>\n<tr>\n<td width=\"196\">M.T. Klepka, A. Wolska,<br \/>\nA. Drzewiecka-Antonik, P.\u00a0Rejma,<br \/>\nG. Aquilanti<\/td>\n<td width=\"321\"><a href=\"http:\/\/www.synchrotron.org.pl\/publ\/biulet\/vol014\/056.pdf\">XANES and EXAFS studies of bioactive metallo-organic complexes in solid and liquid state<\/a><\/td>\n<td width=\"57\">P-11<\/td>\n<td width=\"81\"><strong>46<\/strong><\/td>\n<\/tr>\n<tr>\n<td width=\"196\">K. Lawniczak-Jablonska, A. Chru\u015bciel<\/td>\n<td width=\"321\"><a href=\"http:\/\/www.synchrotron.org.pl\/publ\/biulet\/vol014\/057-058.pdf\">XAFS estimation of the catalytic centre in double metal cyanide catalysts<\/a><\/td>\n<td width=\"57\">P-12<\/td>\n<td width=\"81\"><strong>47<\/strong><\/td>\n<\/tr>\n<tr>\n<td width=\"196\">\u017b. Ko\u0142odziejska, Z. Pietralik, M. Kozak<\/td>\n<td width=\"321\"><a href=\"http:\/\/www.synchrotron.org.pl\/publ\/biulet\/vol014\/059.pdf\">Trimeric surfactants \u2013 new effective carries for\u00a0gene therapy<\/a><\/td>\n<td width=\"57\">P-13<\/td>\n<td width=\"81\"><strong>49<\/strong><\/td>\n<\/tr>\n<tr>\n<td width=\"196\">M. Skupin, Z. Pietralik, K. Sobczak,<br \/>\nR. Zieli\u0144ski, M. Kozak<\/td>\n<td width=\"321\"><a href=\"http:\/\/www.synchrotron.org.pl\/publ\/biulet\/vol014\/060.pdf\">Structural studies of nanosystems based on zwitterionic sugar-based surfactants as innovative gene delivery systems<\/a><\/td>\n<td width=\"57\">P-14<\/td>\n<td width=\"81\"><strong>50<\/strong><\/td>\n<\/tr>\n<tr>\n<td width=\"196\">W. Andrzejewska, M. Skupin, M. Kozak<\/td>\n<td width=\"321\"><a href=\"http:\/\/www.synchrotron.org.pl\/publ\/biulet\/vol014\/061.pdf\">Studies of dsDNA and siRNA oligomers in complexes with tricationic surfactants using biophysical methods<\/a><\/td>\n<td width=\"57\">P-15<\/td>\n<td width=\"81\"><strong>51<\/strong><\/td>\n<\/tr>\n<tr>\n<td width=\"196\">M. Kr\u0119cisz, J.D. Rybka, S. Haracz,<br \/>\nA. Struga\u0142a, I.Zhukov, A. Urbanowicz,<br \/>\nM. Figlerowicz, M. Kozak, M. Giersig<\/td>\n<td width=\"321\"><a href=\"http:\/\/www.synchrotron.org.pl\/publ\/biulet\/vol014\/062.pdf\">Physical characterization of BMV capsid protein<\/a><\/td>\n<td width=\"57\">P-16<\/td>\n<td width=\"81\"><strong>52<\/strong><\/td>\n<\/tr>\n<tr>\n<td width=\"196\">M. A. \u015amia\u0142ek, M. \u0141abuda, J. Guthmuller, S. V. Hoffmann, N. C. Jones,<br \/>\nM. A. MacDonald, L. Zuin,<br \/>\nM. -J. Hubin-Franskin, J. Delwiche,<br \/>\nD. Duflot, N. J. Mason, P. Lim\u00e3o-Vieira<\/td>\n<td width=\"321\"><a href=\"http:\/\/www.synchrotron.org.pl\/publ\/biulet\/vol014\/063.pdf\">Valence and ionic lowest-lying electronic states of small esters studied by high resolution vacuum ultraviolet photoabsorption, photoelectron spectroscopy and\u00a0<em>ab initio<\/em>\u00a0calculations<\/a><\/td>\n<td width=\"57\">P-17<\/td>\n<td width=\"81\"><strong>53<\/strong><\/td>\n<\/tr>\n<tr>\n<td width=\"196\">Z. Pietralik, A. Szyma\u0144ska, M. Kozak<\/td>\n<td width=\"321\"><a href=\"http:\/\/www.synchrotron.org.pl\/publ\/biulet\/vol014\/064.pdf\">Spectroscopic characterization of human cystatin C and its mutants<\/a><\/td>\n<td width=\"57\">P-18<\/td>\n<td width=\"81\"><strong>54<\/strong><\/td>\n<\/tr>\n<tr>\n<td width=\"196\">T. J. Wasowicz, A. Kivimaki, M. Coreno, M.\u00a0Zubek<\/td>\n<td width=\"321\"><a href=\"http:\/\/www.synchrotron.org.pl\/publ\/biulet\/vol014\/064-065.pdf\">Hydrogen migration in formation of NH(A<sup>3<\/sup>\u03a0) radicals in photodissociations of isoxazole and pyridine molecules<\/a><\/td>\n<td width=\"57\">P-19<\/td>\n<td width=\"81\"><strong>54<\/strong><\/td>\n<\/tr>\n<tr>\n<td width=\"196\">K \u017bebrowska, M. Bagi\u0144ska, M. Wojdy\u0142a, E. Salas-Colera, P. Zajdel<\/td>\n<td width=\"321\"><a href=\"http:\/\/www.synchrotron.org.pl\/publ\/biulet\/vol014\/066.pdf\">Local electronic and crystal structures of FeTe doped with cobalt<\/a><\/td>\n<td width=\"57\">P-20<\/td>\n<td width=\"81\"><strong>56<\/strong><\/td>\n<\/tr>\n<tr>\n<td width=\"196\">M. Bagi\u0144ska, M. Wojdy\u0142a, K \u017bebrowska, I. -L. Liu, N. P. Butch, P. Zajdel<\/td>\n<td width=\"321\"><a href=\"http:\/\/www.synchrotron.org.pl\/publ\/biulet\/vol014\/067.pdf\">Two step transition and suppression of monoclinic distortion in FeTe doped with nickel<\/a><\/td>\n<td width=\"57\">P-21<\/td>\n<td width=\"81\"><strong>57<\/strong><\/td>\n<\/tr>\n<tr>\n<td width=\"196\">M. Wojdy\u0142a, K. \u017bebrowska, M. Bagi\u0144ska, E. Salas-Colera, P. Zajdel<\/td>\n<td width=\"321\"><a href=\"http:\/\/www.synchrotron.org.pl\/publ\/biulet\/vol014\/068.pdf\">Local electronic and crystal structures of FeTe doped with nickel<\/a><\/td>\n<td width=\"57\">P-22<\/td>\n<td width=\"81\"><strong>58<\/strong><\/td>\n<\/tr>\n<tr>\n<td width=\"196\">P. Piszora, J. Darul, C. Popescu,<br \/>\nF. Fauth<\/td>\n<td width=\"321\"><a href=\"http:\/\/www.synchrotron.org.pl\/publ\/biulet\/vol014\/069.pdf\">Li<sub>0.95<\/sub>Mn<sub>2.05<\/sub>O<sub>4\u00a0<\/sub>under high pressure and at elevated temperature in DAC<\/a><\/td>\n<td width=\"57\">P-23<\/td>\n<td width=\"81\"><strong>59<\/strong><\/td>\n<\/tr>\n<tr>\n<td width=\"196\">K. Szutkowski, Z. Pietralik, M. Kozak<\/td>\n<td width=\"321\"><a href=\"http:\/\/www.synchrotron.org.pl\/publ\/biulet\/vol014\/070.pdf\">The dynamics of micellization of gemini imidazolium surfactants studied by NMR, FT-IR and SR-SAXS<\/a><\/td>\n<td width=\"57\">P-24<\/td>\n<td width=\"81\"><strong>60<\/strong><\/td>\n<\/tr>\n<tr>\n<td width=\"196\">&nbsp;<\/td>\n<td width=\"321\"><strong>\u00a0<\/strong><\/p>\n<p><strong>\u00a0<\/strong><\/td>\n<td width=\"57\">&nbsp;<\/td>\n<td width=\"81\"><strong>\u00a0<\/strong><\/td>\n<\/tr>\n<tr>\n<td width=\"196\">&nbsp;<\/td>\n<td width=\"321\"><strong>Regular contribution<\/strong><\/td>\n<td width=\"57\">&nbsp;<\/td>\n<td width=\"81\"><strong>\u00a0<\/strong><\/td>\n<\/tr>\n<tr>\n<td width=\"196\">A. Kisiel<\/td>\n<td width=\"321\"><a href=\"http:\/\/www.synchrotron.org.pl\/publ\/biulet\/vol014\/Kisiel_2015.pdf\"><strong>Dzia\u0142alno\u015b\u0107 Naukowa Pracowni Spektroskopii Optycznej P\u00f3\u0142przewodnik\u00f3w Instytutu Fizyki Uniwersytetu Jagiello\u0144skiego.\u00a0<\/strong><strong>Udzia\u0142 w badaniach z zastosowaniem promieniowania synchrotronowego<\/strong><\/a><\/td>\n<td width=\"57\">&nbsp;<\/td>\n<td width=\"81\"><strong>61<\/strong><\/td>\n<\/tr>\n<tr>\n<td width=\"196\">only available in electronic version<\/td>\n<td width=\"321\"><a href=\"http:\/\/www.synchrotron.org.pl\/index.php\/pl\/biuletyn\/biuletyn-archiwum?id=39\">Kisiel materia\u0142y dodatkowe<\/a><\/td>\n<td width=\"57\"><\/td>\n<td width=\"81\"><\/td>\n<\/tr>\n<tr>\n<td width=\"196\">&nbsp;<\/td>\n<td width=\"321\"><a href=\"http:\/\/www.synchrotron.org.pl\/publ\/biulet\/vol014\/future_conferences_2015.pdf\">Future conferences and workshops<\/a><\/td>\n<td width=\"57\">&nbsp;<\/td>\n<td width=\"81\"><strong>73<\/strong><\/td>\n<\/tr>\n<tr>\n<td width=\"196\">&nbsp;<\/td>\n<td width=\"321\"><a href=\"http:\/\/www.synchrotron.org.pl\/publ\/biulet\/vol014\/Index_2015.pdf\">Presenting Authors\u2019 Index<\/a><\/td>\n<td width=\"57\">&nbsp;<\/td>\n<td width=\"81\"><strong>75<\/strong><\/td>\n<\/tr>\n<\/tbody>\n<\/table>\n","protected":false},"excerpt":{"rendered":"<p>Bull_PTPS_vol_14 \u00a0 \u00a0 &nbsp; CONTENTS \u00a0 XIth\u00a0KSUPS \u2014 information &nbsp; V \u00a0 News from SOLARIS \u2013 the first Polish Synchrotron &nbsp; VII \u00a0 PROGRAMME &nbsp; VIII \u00a0 Welcome to the 11th\u00a0KSUPS &nbsp; X J. Szlachetko &nbsp; Electronic structure of matter probed under\u00a0in-situ\u00a0conditions by means of X-ray spectroscopy techniques L-01 1&hellip;<\/p>\n<p> <a class=\"more-link\" href=\"https:\/\/biuletyn.synchrotron.org.pl\/?page_id=12051\">Read more<\/a><\/p>\n","protected":false},"author":1,"featured_media":0,"parent":0,"menu_order":0,"comment_status":"closed","ping_status":"closed","template":"","meta":[],"_links":{"self":[{"href":"https:\/\/biuletyn.synchrotron.org.pl\/index.php?rest_route=\/wp\/v2\/pages\/12051"}],"collection":[{"href":"https:\/\/biuletyn.synchrotron.org.pl\/index.php?rest_route=\/wp\/v2\/pages"}],"about":[{"href":"https:\/\/biuletyn.synchrotron.org.pl\/index.php?rest_route=\/wp\/v2\/types\/page"}],"author":[{"embeddable":true,"href":"https:\/\/biuletyn.synchrotron.org.pl\/index.php?rest_route=\/wp\/v2\/users\/1"}],"replies":[{"embeddable":true,"href":"https:\/\/biuletyn.synchrotron.org.pl\/index.php?rest_route=%2Fwp%2Fv2%2Fcomments&post=12051"}],"version-history":[{"count":1,"href":"https:\/\/biuletyn.synchrotron.org.pl\/index.php?rest_route=\/wp\/v2\/pages\/12051\/revisions"}],"predecessor-version":[{"id":12052,"href":"https:\/\/biuletyn.synchrotron.org.pl\/index.php?rest_route=\/wp\/v2\/pages\/12051\/revisions\/12052"}],"wp:attachment":[{"href":"https:\/\/biuletyn.synchrotron.org.pl\/index.php?rest_route=%2Fwp%2Fv2%2Fmedia&parent=12051"}],"curies":[{"name":"wp","href":"https:\/\/api.w.org\/{rel}","templated":true}]}}